{"id":1308,"date":"2025-08-01T11:27:46","date_gmt":"2025-08-01T11:27:46","guid":{"rendered":"https:\/\/savepitcairn.com\/?page_id=1308"},"modified":"2025-08-15T21:23:47","modified_gmt":"2025-08-15T21:23:47","slug":"eventi-a-san-marino","status":"publish","type":"page","link":"https:\/\/savepitcairn.com\/en\/eventi-a-san-marino\/","title":{"rendered":"Eventi a San Marino"},"content":{"rendered":"\n<div class=\"wp-block-group alignwide has-background-background-color has-background is-layout-flex wp-container-core-group-is-layout-ec8b8a84 wp-block-group-is-layout-flex\" style=\"border-radius:4px;padding-top:0;padding-right:0;padding-bottom:0;padding-left:0\">\n<div class=\"wp-block-cover is-light wp-container-content-1559d078\" style=\"padding-right:var(--wp--preset--spacing--80);padding-left:var(--wp--preset--spacing--80);min-height:100%;aspect-ratio:unset;\"><img fetchpriority=\"high\" decoding=\"async\" width=\"1600\" height=\"1118\" class=\"wp-block-cover__image-background wp-image-232\" alt=\"\" src=\"https:\/\/savepitcairn.com\/wp-content\/uploads\/2025\/04\/one-fortresses-Guaita-city-San-Marino-1.webp\" data-object-fit=\"cover\" srcset=\"https:\/\/savepitcairn.com\/wp-content\/uploads\/2025\/04\/one-fortresses-Guaita-city-San-Marino-1.webp 1600w, https:\/\/savepitcairn.com\/wp-content\/uploads\/2025\/04\/one-fortresses-Guaita-city-San-Marino-1-600x419.webp 600w, https:\/\/savepitcairn.com\/wp-content\/uploads\/2025\/04\/one-fortresses-Guaita-city-San-Marino-1-300x210.webp 300w, https:\/\/savepitcairn.com\/wp-content\/uploads\/2025\/04\/one-fortresses-Guaita-city-San-Marino-1-1024x716.webp 1024w, https:\/\/savepitcairn.com\/wp-content\/uploads\/2025\/04\/one-fortresses-Guaita-city-San-Marino-1-768x537.webp 768w, https:\/\/savepitcairn.com\/wp-content\/uploads\/2025\/04\/one-fortresses-Guaita-city-San-Marino-1-1536x1073.webp 1536w, https:\/\/savepitcairn.com\/wp-content\/uploads\/2025\/04\/one-fortresses-Guaita-city-San-Marino-1-1320x922.webp 1320w\" sizes=\"(max-width: 1600px) 100vw, 1600px\" \/><span aria-hidden=\"true\" class=\"wp-block-cover__background has-background-dim-0 has-background-dim\" style=\"background-color:#979ea1\"><\/span><div class=\"wp-block-cover__inner-container has-global-padding is-layout-constrained wp-container-core-cover-is-layout-caa2d89a wp-block-cover-is-layout-constrained\">\n<div style=\"height:200px;width:0px\" aria-hidden=\"true\" class=\"wp-block-spacer\"><\/div>\n<\/div><\/div>\n\n\n\n<div class=\"wp-block-cover is-light wp-container-content-1559d078\" style=\"padding-right:var(--wp--preset--spacing--80);padding-left:var(--wp--preset--spacing--80);min-height:100%;aspect-ratio:unset;\"><img decoding=\"async\" width=\"352\" height=\"239\" class=\"wp-block-cover__image-background wp-image-251\" alt=\"\" src=\"https:\/\/savepitcairn.com\/wp-content\/uploads\/2025\/04\/Cerimonia-Cap-Reg.jpg\" data-object-fit=\"cover\" srcset=\"https:\/\/savepitcairn.com\/wp-content\/uploads\/2025\/04\/Cerimonia-Cap-Reg.jpg 352w, https:\/\/savepitcairn.com\/wp-content\/uploads\/2025\/04\/Cerimonia-Cap-Reg-300x204.jpg 300w\" sizes=\"(max-width: 352px) 100vw, 352px\" \/><span aria-hidden=\"true\" class=\"wp-block-cover__background has-background-dim-0 has-background-dim\" style=\"background-color:#808590\"><\/span><div class=\"wp-block-cover__inner-container has-global-padding is-layout-constrained wp-container-core-cover-is-layout-caa2d89a wp-block-cover-is-layout-constrained\">\n<div style=\"height:200px;width:0px\" aria-hidden=\"true\" class=\"wp-block-spacer\"><\/div>\n<\/div><\/div>\n\n\n\n<div class=\"wp-block-group has-global-padding is-layout-constrained wp-container-core-group-is-layout-f90d3be4 wp-block-group-is-layout-constrained\" style=\"padding-top:var(--wp--preset--spacing--40);padding-right:var(--wp--preset--spacing--30);padding-bottom:var(--wp--preset--spacing--40);padding-left:var(--wp--preset--spacing--30)\">\n<h3 class=\"wp-block-heading alignfull\" style=\"font-size:clamp(1.119rem, 1.119rem + ((1vw - 0.2rem) * 1.052), 1.75rem);line-height:1.5\">Evento speciale a San Marino: Cerimonia d\u2019investitura degli Eccellentissimi Capitani Reggenti<\/h3>\n\n\n\n<p class=\"has-text-align-left has-small-font-size\" style=\"margin-top:3px;font-style:normal;font-weight:600;text-transform:none\">12 &#8211; 04 &#8211; 2025<\/p>\n\n\n\n<p class=\"has-small-font-size\" style=\"margin-top:12px\"><strong>La Cerimonia d\u2019investitura degli Eccellentissimi Capitani Reggenti ha luogo il 1\u00b0 aprile ed il 1\u00b0 ottobre di ogni anno.<\/strong><\/p>\n\n\n\n<p>I due Capitani Reggenti, eletti ogni sei mesi dal Consiglio Grande e Generale fra i suoi membri, hanno la rappresentanza dello Stato di San Marino e sono al vertice del potere legislativo ed esecutivo.<br><br>Si tratta di un\u2019istituzione che ha origine nel periodo comunale e che \u00e8 arrivata integra fino ai giorni nostri, la cui unicit\u00e0 \u00e8 stata uno degli elementi determinanti per l\u2019iscrizione di San Marino nella lista del Patrimonio dell\u2019Umanit\u00e0 dall\u2019UNESCO, avvenuta nel 2008.<\/p>\n\n\n\n<p>Il primo documento in cui figura l\u2019esistenza di due Capitani Reggenti, a quel tempo chiamati \u201cConsules\u201d, \u00e8 del 12 dicembre 1243 o 1244 (le condizioni del documento non consentono di stabilire con esattezza l\u2019anno).<br>Erano \u201cConsoli\u201d allora Filippo da Sterpeto e Oddone di Scarito.<br>Si presume per\u00f2 che le origini dell\u2019istituzione possano essere ancora pi\u00f9 antiche.<\/p>\n\n\n\n<p>La Reggenza \u00e8 la massima espressione dello Stato e della democrazia.<br>Infatti, al termine del semestre, con grande semplicit\u00e0, si torna ad essere un cittadino qualunque, senza alcun privilegio.<\/p>\n\n\n\n<p>Il giorno dell\u2019Investitura ha un posto speciale nel cuore di tutti i sammarinesi ed esercita un forte richiamo anche sui visitatori che possono \u201ctoccare con mano\u201d un momento fondamentale per la storia e le istituzioni della Repubblica.<\/p>\n\n\n\n<p class=\"has-small-font-size\" style=\"margin-top:12px\">E\u2019 possibile assistere all\u2019avvenimento nelle contrade e sulle piazzette del Centro Storico di San Marino Citt\u00e0.<br>Fin dalle prime ore del mattino, i Corpi Militari si schierano davanti a Palazzo Pubblico, per l\u2019Alza Bandiera.<br>Seguono poi i cortei ed i riti previsti nel dettaglio gi\u00e0 dagli Statuti del 1600.<br>Sfilano nel corteo, scortati dalla Guardia del Consiglio e preceduti dalla Banda Militare e dalla Milizia, i Capitani Reggenti, le Autorit\u00e0 di Governo, il Corpo Diplomatico e Consolare, le Autorit\u00e0 Militari, Civili e Religiose e gli Ospiti della Repubblica.<br>Una cerimonia che fonde armoniosamente importanti aspetti laici e religiosi.<br>Oltre ai momenti istituzionali di Palazzo Valloni e Palazzo Pubblico, il protocollo prevede infatti il rito religioso presso la Basilica del Santo.<\/p>\n\n\n\n<p class=\"has-text-align-center\">Ti invitiamo ad approfondire la conoscenza della Repubblica di San Marino e dei suoi numerosi eventi accedendo al sito ufficiale dell\u2019Ufficio del Turismo di San Marino:<strong>\u00a0<a href=\"https:\/\/www.government.pn\/\"><a href=\"http:\/\/www.visitsanmarino.com\/\" target=\"_blank\" rel=\"noreferrer noopener\">www.visitsanmarino.com<\/a><\/a><\/strong><\/p>\n<\/div>\n<\/div>\n","protected":false},"excerpt":{"rendered":"<p>Evento speciale a San Marino: Cerimonia d\u2019investitura degli Eccellentissimi Capitani Reggenti 12 &#8211; 04 &#8211; 2025 La Cerimonia d\u2019investitura degli Eccellentissimi Capitani Reggenti ha luogo il 1\u00b0 aprile ed il 1\u00b0 ottobre di ogni anno. I due Capitani Reggenti, eletti ogni sei mesi dal Consiglio Grande e Generale fra i suoi membri, hanno la rappresentanza [&hellip;]<\/p>\n","protected":false},"author":1,"featured_media":0,"parent":0,"menu_order":0,"comment_status":"closed","ping_status":"closed","template":"","meta":{"om_disable_all_campaigns":false,"_monsterinsights_skip_tracking":false,"_monsterinsights_sitenote_active":false,"_monsterinsights_sitenote_note":"","_monsterinsights_sitenote_category":0,"postBodyCss":"","postBodyMargin":[],"postBodyPadding":[],"postBodyBackground":{"backgroundType":"classic","gradient":""},"footnotes":""},"class_list":["post-1308","page","type-page","status-publish","hentry"],"aioseo_notices":[],"jetpack_sharing_enabled":true,"_links":{"self":[{"href":"https:\/\/savepitcairn.com\/en\/wp-json\/wp\/v2\/pages\/1308","targetHints":{"allow":["GET"]}}],"collection":[{"href":"https:\/\/savepitcairn.com\/en\/wp-json\/wp\/v2\/pages"}],"about":[{"href":"https:\/\/savepitcairn.com\/en\/wp-json\/wp\/v2\/types\/page"}],"author":[{"embeddable":true,"href":"https:\/\/savepitcairn.com\/en\/wp-json\/wp\/v2\/users\/1"}],"replies":[{"embeddable":true,"href":"https:\/\/savepitcairn.com\/en\/wp-json\/wp\/v2\/comments?post=1308"}],"version-history":[{"count":3,"href":"https:\/\/savepitcairn.com\/en\/wp-json\/wp\/v2\/pages\/1308\/revisions"}],"predecessor-version":[{"id":1733,"href":"https:\/\/savepitcairn.com\/en\/wp-json\/wp\/v2\/pages\/1308\/revisions\/1733"}],"wp:attachment":[{"href":"https:\/\/savepitcairn.com\/en\/wp-json\/wp\/v2\/media?parent=1308"}],"curies":[{"name":"wp","href":"https:\/\/api.w.org\/{rel}","templated":true}]}}