{"id":1313,"date":"2025-08-01T11:28:00","date_gmt":"2025-08-01T11:28:00","guid":{"rendered":"https:\/\/savepitcairn.com\/?page_id=1313"},"modified":"2025-08-15T21:11:40","modified_gmt":"2025-08-15T21:11:40","slug":"eventi-alle-isole-pitcairn-2","status":"publish","type":"page","link":"https:\/\/savepitcairn.com\/en\/eventi-alle-isole-pitcairn-2\/","title":{"rendered":"Eventi alle Isole Pitcairn"},"content":{"rendered":"\n<div class=\"wp-block-group alignwide has-background-background-color has-background is-layout-flex wp-container-core-group-is-layout-ec8b8a84 wp-block-group-is-layout-flex\" style=\"border-radius:4px;padding-top:0;padding-right:0;padding-bottom:0;padding-left:0\">\n<div class=\"wp-block-cover is-light wp-container-content-1559d078\" style=\"padding-right:var(--wp--preset--spacing--80);padding-left:var(--wp--preset--spacing--80);min-height:202px;aspect-ratio:unset;\"><img fetchpriority=\"high\" decoding=\"async\" width=\"296\" height=\"187\" class=\"wp-block-cover__image-background wp-image-270\" alt=\"\" src=\"https:\/\/savepitcairn.com\/wp-content\/uploads\/2025\/04\/Bounty-Bay-1-2.jpg\" data-object-fit=\"cover\"\/><span aria-hidden=\"true\" class=\"wp-block-cover__background has-background-dim-0 has-background-dim\" style=\"background-color:#847f7a\"><\/span><div class=\"wp-block-cover__inner-container has-global-padding is-layout-constrained wp-container-core-cover-is-layout-caa2d89a wp-block-cover-is-layout-constrained\">\n<details class=\"wp-block-details is-layout-flow wp-block-details-is-layout-flow\"><summary><\/summary>\n<div style=\"height:200px;width:0px\" aria-hidden=\"true\" class=\"wp-block-spacer\"><\/div>\n<\/details>\n<\/div><\/div>\n\n\n\n<div class=\"wp-block-group has-global-padding is-layout-constrained wp-container-core-group-is-layout-f90d3be4 wp-block-group-is-layout-constrained\" style=\"padding-top:var(--wp--preset--spacing--40);padding-right:var(--wp--preset--spacing--30);padding-bottom:var(--wp--preset--spacing--40);padding-left:var(--wp--preset--spacing--30)\">\n<h3 class=\"wp-block-heading\" style=\"font-size:clamp(1.119rem, 1.119rem + ((1vw - 0.2rem) * 1.052), 1.75rem);line-height:1.5\">Isole Pitcairn : CelebrazionE del Bounty Day<\/h3>\n\n\n\n<p class=\"has-text-align-left has-small-font-size\" style=\"margin-top:3px;font-style:normal;font-weight:600;text-transform:none\">19 &#8211; 04 &#8211; 2025<\/p>\n\n\n\n<p class=\"has-small-font-size\" style=\"margin-top:12px\">L&#8217;evento pi\u00f9 importante che si tiene alle remote isole Pitcairn \u00e8 la celebrazione del <strong>&#8220;Bounty Day&#8221;<\/strong>, che si celebra il 23 gennaio di ogni anno. Questa data \u00e8 significativa perch\u00e9 segna l&#8217;anniversario dell&#8217;arrivo dei coloni della <strong>Bounty<\/strong> alle isole Pitcairn. Nel 1790, infatti, i discendenti dei membri dell&#8217;equipaggio della nave britannica <strong>HMS Bounty<\/strong>, che avevano ammutinato contro il capitano William Bligh nel 1789, si stabilirono sull&#8217;isola, formando una comunit\u00e0 che ha dato origine alla popolazione moderna di Pitcairn.<\/p>\n\n\n\n<p>La giornata del Bounty Day \u00e8 un&#8217;occasione di celebrazione della cultura locale, della storia e delle tradizioni della comunit\u00e0. Ci sono spesso eventi culturali, attivit\u00e0 sociali e momenti di riflessione sul passato storico delle isole. Data la piccola popolazione (che conta circa 50 abitanti), \u00e8 un evento importante per la comunit\u00e0 locale.<\/p>\n\n\n\n<p>Come riportato nel sito ufficiale del Governo delle Isole Pitcairn:<\/p>\n\n\n\n<p>Il 23 gennaio 2025 , i Pitcairniani hanno celebrato il Bounty Day con una frittura di pesce e il rogo della replica della nave a The Landing, con vista sulla baia di Bounty.<\/p>\n\n\n\n<p>Gli antenati avevano assistito 235 anni prima all&#8217;incendio della nave armata di Sua Maest\u00e0, il Bounty. Quando la notizia dell&#8217;ammutinamento giunse in Inghilterra, la Royal Navy di Re Giorgio I inizi\u00f2 le ricerche, che non riuscirono a trovare n\u00e9 la nave n\u00e9 gli ammutinati.<\/p>\n\n\n\n<p>Nel 1790, i marinai inglesi e i polinesiani che navigavano con loro avrebbero fatto fatica a immaginare che i loro discendenti celebrassero l&#8217;evento.<\/p>\n\n\n\n<p>Non avrebbero mai immaginato che Re Carlo avrebbe inviato un caloroso messaggio di congratulazioni, letto dal sindaco Simon Young, al raduno di Pitcairn di quest&#8217;anno, celebrando il territorio d&#8217;oltremare e sottolineando il riconoscimento internazionale dei suoi sforzi per la protezione ambientale, inclusa l&#8217;istituzione della Riserva Marina delle Isole Pitcairn.<\/p>\n\n\n\n<p class=\"has-small-font-size\" style=\"margin-top:12px\">&nbsp;Oltre al Bounty Day, la vita alle isole Pitcairn \u00e8 segnata da eventi religiosi, culturali e attivit\u00e0 che celebrano le tradizioni e l&#8217;isolamento dell&#8217;arcipelago.<\/p>\n\n\n\n<p class=\"has-text-align-center has-small-font-size\" style=\"margin-top:12px\">Ti invitiamo ad approfondire la conoscenza delle isole Pitcairn accedendo al sito istituzionale del Governo delle isole Pitcairn (<a href=\"https:\/\/www.government.pn\/\" target=\"_blank\" rel=\"noreferrer noopener\">The Official Website of the Government of the Pitcairn Islands<\/a>):<strong>\u00a0<a href=\"https:\/\/www.government.pn\/\">https:\/\/www.government.pn\/<\/a><\/strong><\/p>\n<\/div>\n<\/div>\n\n\n\n<p><\/p>\n","protected":false},"excerpt":{"rendered":"<p>Isole Pitcairn : CelebrazionE del Bounty Day 19 &#8211; 04 &#8211; 2025 L&#8217;evento pi\u00f9 importante che si tiene alle remote isole Pitcairn \u00e8 la celebrazione del &#8220;Bounty Day&#8221;, che si celebra il 23 gennaio di ogni anno. Questa data \u00e8 significativa perch\u00e9 segna l&#8217;anniversario dell&#8217;arrivo dei coloni della Bounty alle isole Pitcairn. Nel 1790, infatti, [&hellip;]<\/p>\n","protected":false},"author":1,"featured_media":0,"parent":0,"menu_order":0,"comment_status":"closed","ping_status":"closed","template":"","meta":{"om_disable_all_campaigns":false,"_monsterinsights_skip_tracking":false,"_monsterinsights_sitenote_active":false,"_monsterinsights_sitenote_note":"","_monsterinsights_sitenote_category":0,"postBodyCss":"","postBodyMargin":[],"postBodyPadding":[],"postBodyBackground":{"backgroundType":"classic","gradient":""},"footnotes":""},"class_list":["post-1313","page","type-page","status-publish","hentry"],"aioseo_notices":[],"jetpack_sharing_enabled":true,"_links":{"self":[{"href":"https:\/\/savepitcairn.com\/en\/wp-json\/wp\/v2\/pages\/1313","targetHints":{"allow":["GET"]}}],"collection":[{"href":"https:\/\/savepitcairn.com\/en\/wp-json\/wp\/v2\/pages"}],"about":[{"href":"https:\/\/savepitcairn.com\/en\/wp-json\/wp\/v2\/types\/page"}],"author":[{"embeddable":true,"href":"https:\/\/savepitcairn.com\/en\/wp-json\/wp\/v2\/users\/1"}],"replies":[{"embeddable":true,"href":"https:\/\/savepitcairn.com\/en\/wp-json\/wp\/v2\/comments?post=1313"}],"version-history":[{"count":3,"href":"https:\/\/savepitcairn.com\/en\/wp-json\/wp\/v2\/pages\/1313\/revisions"}],"predecessor-version":[{"id":1719,"href":"https:\/\/savepitcairn.com\/en\/wp-json\/wp\/v2\/pages\/1313\/revisions\/1719"}],"wp:attachment":[{"href":"https:\/\/savepitcairn.com\/en\/wp-json\/wp\/v2\/media?parent=1313"}],"curies":[{"name":"wp","href":"https:\/\/api.w.org\/{rel}","templated":true}]}}