{"id":1319,"date":"2025-08-01T11:27:33","date_gmt":"2025-08-01T11:27:33","guid":{"rendered":"https:\/\/savepitcairn.com\/?page_id=1319"},"modified":"2025-08-15T20:10:47","modified_gmt":"2025-08-15T20:10:47","slug":"chi-siamo-la-nostra-mission","status":"publish","type":"page","link":"https:\/\/savepitcairn.com\/en\/chi-siamo-la-nostra-mission\/","title":{"rendered":"Chi siamo &#8211; la nostra Mission"},"content":{"rendered":"\n<div class=\"wp-block-group alignfull has-background-background-color has-background has-global-padding is-layout-constrained wp-container-core-group-is-layout-7d1597ee wp-block-group-is-layout-constrained\" id=\"chi-siamo\" style=\"border-top-width:1px;margin-top:0;margin-bottom:0;padding-top:var(--wp--preset--spacing--60);padding-right:0;padding-bottom:var(--wp--preset--spacing--60);padding-left:0\">\n<div class=\"wp-block-columns alignwide block-95b589e8-4657-4489-bd60-afed5919f7ab block-6403fde0-f75d-4774-bcd6-3bff3c871bf8 block-29048e15-2962-47b1-80de-33aad98c8c66 block-1e87c6d1-03ef-4439-adbe-810a8a086299 block-1674030c-a8c2-43d6-b846-44ed0acc7480 block-734c941a-40ec-44c7-80ec-0ff3f8120f5e block-bf90c359-c8e4-4472-878e-dc8ec96296f5 block-9073156d-a787-4c08-b770-3c1ef461d880 block-6bd9d0db-3d55-4f4c-b578-8d2ebb3c8e07 block-b5645da9-bfd7-4bde-8920-6d126526a3b7 block-69eb2a13-0f35-47f0-8706-979c6edec4e2 block-09dedbb3-f094-43fd-8211-ee1e0d9bf274 block-0bec43f3-1ef3-4a0d-a6d5-a4af462a9025 block-7038c7a1-0818-4eeb-b0df-c6b035967752 block-93dbe1d7-008c-4e51-a742-c1fec44b6417 block-15874c3a-2c0c-4868-a1d6-33c6f48422cb block-0f9083c6-f4be-44fb-8d88-6f71bc0e6c10 block-ec9643c4-e07c-4d31-b88b-18ec0eb481d9 block-6d1e3c03-2414-42bc-a8ee-bf4b71af716e block-e1670f9d-d594-44a3-943a-10fbeef0cc4d block-420c61ba-c360-40c2-9fbc-d2a99a0cb2de block-8a420161-2716-4f29-b6a3-02bccce9bd1f block-04e8703b-73b0-4cbc-91ae-18c96f944b07 block-7024f354-70f6-42a3-9be6-307f854c49ee block-e45b5a76-8594-4f4a-b969-e02f1a1a5343 block-27e67ca7-e377-4bab-b4ee-c4364b55ff1b block-7848ebf0-a4d9-40b3-86c7-325d16077026 block-0a16c27c-f7be-4c55-8e6b-cc4249155d69 block-bea96bf6-2445-43c0-b1cf-707721473a8d block-023e45a5-8d1a-4b4e-b7e7-90142938df14 block-9b585a0a-e284-46ed-9fb3-4efd1962a01d block-aedc8009-478c-40fd-a7dc-5a085e94341b block-b099bcdc-a8d0-48e9-80bb-fdba344f1d82 block-3b453386-4086-40e3-a0f0-8fab07f82a06 block-07ed2437-7f36-47f4-903e-6eae89972f9d block-7ab48dee-f547-4c29-96ec-e1258ecc0215 block-4812f5d9-9e1d-4aa7-8c85-b922186e6838 block-c2c8fd9a-8df7-4368-acfb-d76b7b673094 block-1e13f114-d948-48c1-96c9-62aea36c1f0b block-17d727cf-b18a-4390-8a44-3e15d2a70215 block-b2efdf2f-203e-406e-91c4-a087d00c3f01 block-beaf292a-707c-4112-9395-18f258a03d4b block-8e54d3bf-22dd-46a9-b47d-59ce4f949409 block-d59b6e3f-8b13-4521-b1a1-497192d0b2bf block-0aaf6d56-40e1-4f16-bf91-06540f3eafed block-2858aa2d-7152-4a92-8fe4-6aca87e6ec37 block-39a42905-1a27-4315-9015-da6f39caf230 block-87a9bedf-afc5-48ac-aadb-94855043c837 block-9eb4fa20-5275-4b86-b828-ab2a1854405b is-layout-flex wp-container-core-columns-is-layout-d0bbbce0 wp-block-columns-is-layout-flex\">\n<div class=\"wp-block-column gutenova-block-column block-fe4bfa56-d146-44d1-85ab-a44365c34294 is-layout-flow wp-block-column-is-layout-flow\">\n<h2 class=\"wp-block-heading\">Chi siamo &#8211; LA NOSTRA MISSION<\/h2>\n\n\n\n<figure class=\"wp-block-image size-large\"><img fetchpriority=\"high\" decoding=\"async\" width=\"1024\" height=\"923\" src=\"https:\/\/savepitcairn.com\/wp-content\/uploads\/2025\/04\/Map-con-Logo-maxi-1-1024x923.jpg\" alt=\"\" class=\"wp-image-87\" srcset=\"https:\/\/savepitcairn.com\/wp-content\/uploads\/2025\/04\/Map-con-Logo-maxi-1-1024x923.jpg 1024w, https:\/\/savepitcairn.com\/wp-content\/uploads\/2025\/04\/Map-con-Logo-maxi-1-600x541.jpg 600w, https:\/\/savepitcairn.com\/wp-content\/uploads\/2025\/04\/Map-con-Logo-maxi-1-300x270.jpg 300w, https:\/\/savepitcairn.com\/wp-content\/uploads\/2025\/04\/Map-con-Logo-maxi-1-768x692.jpg 768w, https:\/\/savepitcairn.com\/wp-content\/uploads\/2025\/04\/Map-con-Logo-maxi-1.jpg 1157w\" sizes=\"(max-width: 1024px) 100vw, 1024px\" \/><\/figure>\n\n\n\n<figure class=\"wp-block-image size-full is-resized\"><img decoding=\"async\" width=\"529\" height=\"627\" src=\"https:\/\/savepitcairn.com\/wp-content\/uploads\/2025\/08\/image-13.png\" alt=\"\" class=\"wp-image-1704\" style=\"width:498px;height:auto\" srcset=\"https:\/\/savepitcairn.com\/wp-content\/uploads\/2025\/08\/image-13.png 529w, https:\/\/savepitcairn.com\/wp-content\/uploads\/2025\/08\/image-13-253x300.png 253w\" sizes=\"(max-width: 529px) 100vw, 529px\" \/><\/figure>\n<\/div>\n\n\n\n<div class=\"wp-block-column gutenova-block-column block-7b0d74b5-46c8-42f5-be21-32c198743e13 is-layout-flow wp-block-column-is-layout-flow\">\n<p style=\"margin-top:16px\"><strong>Save Pitcairn\u00ae Srl <\/strong>\u00e8 una nuova realt\u00e0 nel mondo dell\u2019abbigliamento Urban Outdoor, sportivo e casual. Siamo entusiasti di presentare la nostra linea di prodotti pensati per un pubblico moderno, dinamico e alla ricerca di capi comodi e alla moda, senza compromettere la qualit\u00e0 e la funzionalit\u00e0.<\/p>\n\n\n\n<p><strong>Chi siamo:<\/strong><\/p>\n\n\n\n<p>Save Pitcairn\u00ae Srl nasce con l\u2019obiettivo di offrire una proposta fresca e innovativa per il mercato retail, con collezioni che spaziano dall&#8217;abbigliamento sportivo tecnico per il tempo libero a capi casual ideali per ogni occasione. La nostra filosofia si basa sull&#8217;uso di materiali eco-friendly, attenzione al design e la cura del dettaglio, per garantire prodotti che rispondano alle esigenze del consumatore contemporaneo.<\/p>\n\n\n\n<p><strong>Nati il 28 Febbraio 2025<\/strong><\/p>\n\n\n\n<p>Save Pitcairn\u00ae Srl nasce il 28 Febbraio 2025 a San Marino, quando il fondatore, Giovanni Trocca, amante dei viaggi fin da giovane, decide di trasferire il proprio amore per il viaggio e per l\u2019abbigliamento outdoor in una linea di abbigliamento caratterizzata da capi di qualit\u00e0 legati alle isole Pitcairn. Save Pitcairn\u00ae \u00e8 nata dal desiderio di creare un brand di abbigliamento sportivo adatto al tempo libero con l&#8217;obiettivo di riuscire a coniugare l&#8217;alta qualit\u00e0 e l&#8217;eleganza italiana alla praticit\u00e0 di portabilit\u00e0.<\/p>\n\n\n\n<p>Le collezioni di Save Pitcairn\u00ae sono pensate per donne e uomini dinamici che vogliono far esaltare la propria personalit\u00e0 con eleganza senza rinunciare al proprio comfort.<\/p>\n\n\n\n<p>Lo stile di Save Pitcairn\u00ae nasce dall&#8217;eredit\u00e0 culturale italiana del proprio fondatore e dal nostro forte amore per i viaggi e per il mare e gli Oceani.<\/p>\n\n\n\n<p><strong>Il fascino delle Isole Pitcairn<\/strong><\/p>\n\n\n\n<p>Chi ha visto il film \u201cGli ammutinati del Bounty\u201d conosce uno \u201cscoglio\u201d sperduto nel Pacifico, quasi irraggiungibile, il cui nome \u00e8 <strong>Pitcairn: l\u2019isola del Bounty<\/strong>. Le Isole Pitcairn, un gruppo di quattro isole vulcaniche nell&#8217;Oceano Pacifico meridionale, sono l&#8217;ultimo territorio britannico d&#8217;oltremare nel Pacifico. Conosciuto per i suoi paesaggi mozzafiato e l&#8217;intrigante storia che coinvolge i discendenti degli ammutinati Bounty, il remoto arcipelago offre un&#8217;esperienza di viaggio unica per chi cerca avventura e tranquillit\u00e0.<\/p>\n\n\n\n<p><strong>PITCAIRN: L&#8217;ISOLA DEL BOUNTY<\/strong><\/p>\n\n\n\n<p>Un\u2019isola che ancora oggi si raggiunge molto difficilmente, e per questo \u00e8 quasi una chimera: da Papeete, si devono raggiungere in volo le isole Gambier e poi prendere il traghetto che dal piccolo aeroporto vi porta al porto di Mangareva. La vera avventura inizia da qui con l\u2019imbarco sulla nave cargo mista che in un giorno e mezzo di navigazione raggiunge finalmente le sperdute Pitcairn.<\/p>\n\n\n\n<p>Ci sono solo 12 sistemazioni registrate per ospitare i turisti \/ viaggiatori. Si pu\u00f2 optare per un bungalow privato, ma quello che consigliamo \u00e8 un home stay che vi permetter\u00e0 di essere ospitati dai locali. Popolazione registrata nel 2020 di 50 abitanti<br>In questo modo scoprirete coltura, usi e costumi di queste persone abituate a vivere in uno dei luoghi pi\u00f9 remoti e difficilmente raggiungibili del pianeta dove Christian Fletcher il famoso comandante in seconda del vascello Bounty che ha cambiato la storia del Pacifico e della marineria, tra amori polinesiani, ed avventure estreme ai confini del mondo.<\/p>\n\n\n\n<h2 class=\"wp-block-heading\">LA NOSTRA MISSION istituzionale<\/h2>\n\n\n\n<p>Save Pitcairn\u00ae Srl, nell\u2019altrettanto piccola ma storica Repubblica di San Marino, spera di aiutare a <strong>diffondere il nome delle Isole Pitcairn&nbsp; nella speranza di consentire di evitare l\u2019estinzione della popolazione isolana che si aggira sul numero di 50 abitanti e di aiutare lo sviluppo del turismo locale.<\/strong><\/p>\n\n\n\n<p>Ti invitiamo ad approfondire la conoscenza delle isole Pitcairn accedendo al sito istituzionale del Governo delle isole Pitcairn (<a href=\"https:\/\/www.government.pn\/\" target=\"_blank\" rel=\"noreferrer noopener\">The Official Website of the Government of the Pitcairn Islands<\/a>):<strong>  <a href=\"https:\/\/www.government.pn\/\">https:\/\/www.government.pn\/<\/a><\/strong><\/p>\n<\/div>\n<\/div>\n<\/div>\n","protected":false},"excerpt":{"rendered":"<p>Chi siamo &#8211; LA NOSTRA MISSION Save Pitcairn\u00ae Srl \u00e8 una nuova realt\u00e0 nel mondo dell\u2019abbigliamento Urban Outdoor, sportivo e casual. Siamo entusiasti di presentare la nostra linea di prodotti pensati per un pubblico moderno, dinamico e alla ricerca di capi comodi e alla moda, senza compromettere la qualit\u00e0 e la funzionalit\u00e0. Chi siamo: Save [&hellip;]<\/p>\n","protected":false},"author":1,"featured_media":0,"parent":0,"menu_order":0,"comment_status":"closed","ping_status":"closed","template":"","meta":{"om_disable_all_campaigns":false,"_monsterinsights_skip_tracking":false,"_monsterinsights_sitenote_active":false,"_monsterinsights_sitenote_note":"","_monsterinsights_sitenote_category":0,"postBodyCss":"","postBodyMargin":[],"postBodyPadding":[],"postBodyBackground":{"backgroundType":"classic","gradient":""},"footnotes":""},"class_list":["post-1319","page","type-page","status-publish","hentry"],"aioseo_notices":[],"jetpack_sharing_enabled":true,"_links":{"self":[{"href":"https:\/\/savepitcairn.com\/en\/wp-json\/wp\/v2\/pages\/1319","targetHints":{"allow":["GET"]}}],"collection":[{"href":"https:\/\/savepitcairn.com\/en\/wp-json\/wp\/v2\/pages"}],"about":[{"href":"https:\/\/savepitcairn.com\/en\/wp-json\/wp\/v2\/types\/page"}],"author":[{"embeddable":true,"href":"https:\/\/savepitcairn.com\/en\/wp-json\/wp\/v2\/users\/1"}],"replies":[{"embeddable":true,"href":"https:\/\/savepitcairn.com\/en\/wp-json\/wp\/v2\/comments?post=1319"}],"version-history":[{"count":8,"href":"https:\/\/savepitcairn.com\/en\/wp-json\/wp\/v2\/pages\/1319\/revisions"}],"predecessor-version":[{"id":1707,"href":"https:\/\/savepitcairn.com\/en\/wp-json\/wp\/v2\/pages\/1319\/revisions\/1707"}],"wp:attachment":[{"href":"https:\/\/savepitcairn.com\/en\/wp-json\/wp\/v2\/media?parent=1319"}],"curies":[{"name":"wp","href":"https:\/\/api.w.org\/{rel}","templated":true}]}}