{"id":1797,"date":"2025-08-21T21:48:09","date_gmt":"2025-08-21T21:48:09","guid":{"rendered":"https:\/\/savepitcairn.com\/?page_id=1797"},"modified":"2025-09-15T16:36:50","modified_gmt":"2025-09-15T16:36:50","slug":"termini-e-condizioni-2","status":"publish","type":"page","link":"https:\/\/savepitcairn.com\/en\/termini-e-condizioni-2\/","title":{"rendered":"TERMINI E CONDIZIONI"},"content":{"rendered":"\n<p>TERMINI E CONDIZIONI<\/p>\n\n\n\n<p><strong>1) Note generali<\/strong><br>Le presenti condizioni generali di vendita (\u201cTermini e Condizioni\u201d) sono regolate dal Codice del Consumo (D. Lgs. n. 206\/2005) e dalle norme in materia di commercio elettronico (D. Lgs. n. 70\/2003).<\/p>\n\n\n\n<p><strong>2) Offerta al pubblico<\/strong><br>I prodotti ed i relativi prezzi presentati nel sito costituiscono un\u2019offerta al pubblico conformemente alle modalit\u00e0 precisate nei Termini e Condizioni e nel sito stesso. Le condizioni di tale offerta si applicano esclusivamente agli acquisti effettuati sul sito.<\/p>\n\n\n\n<p><strong>3) Prezzi<\/strong><br>Tutti gli ordini spediti all\u2019interno dell\u2019Unione Europea sono compresi di IVA. Le spese di consegna possono essere gratuite o a carico del cliente e sono adeguatamente evidenziate nell\u2019ordine di acquisto. Ai prodotti si applica il prezzo evidenziato sul sito al momento della conferma dell\u2019invio, senza alcuna considerazione di precedenti offerte o eventuali variazioni di prezzo intervenute successivamente.<\/p>\n\n\n\n<p>Per l\u2019<strong>Italia<\/strong>&nbsp;e la&nbsp;<strong>Repubblica di San Marino<\/strong>&nbsp;le spese di spedizione sono&nbsp;<strong>gratuite<\/strong>&nbsp;per qualsiasi importo speso e la consegna avviene normalmente in&nbsp;<strong>4-5 giorni lavorativi<\/strong>.<\/p>\n\n\n\n<p>Per gli ordini destinati ad altri paesi, il costo della spedizione \u00e8 pari a 15 Euro.<\/p>\n\n\n\n<p><strong>4) Ordine<\/strong><br><\/p>\n\n\n\n<p>Il Cliente pu\u00f2 ordinare solo i prodotti presenti nel catalogo elettronico di savepitcairn.com al momento dell\u2019inoltro dell\u2019ordine e visionabili online all\u2019indirizzo (URL) www.savepitcairn.com, cos\u00ec come descritti nelle relative schede informative. Resta inteso che l\u2019immagine a corredo della scheda descrittiva di un prodotto pu\u00f2 non essere perfettamente rappresentativa delle sue caratteristiche ma differire per tonalit\u00e0 di colore o dimensioni presenti nell\u2019immagine. Gli ordini di acquisto dovranno essere effettuati on-line attraverso la procedura d\u2019ordine presente sul sito. Per poter procedere alla conclusione dell\u2019ordine di acquisto il cliente dovr\u00e0 fornire i dati personali richiesti, necessari per poter effettuare l\u2019acquisto. Il cliente conclude correttamente la procedura d\u2019ordine se all\u2019interno del sito non si evidenzia nessun messaggio di errore. Il contratto di acquisto si intender\u00e0 concluso al momento della ricezione dell\u2019ordine da parte del proprietario del sito. In tal caso verr\u00e0 dato riscontro della ricezione dell\u2019ordine con l\u2019invio di una e-mail di conferma d\u2019ordine all\u2019indirizzo di posta elettronica comunicato dal cliente. Tale conferma riepilogher\u00e0 i prodotti acquistati, i relativi prezzi (incluse le spese di consegna), l\u2019indirizzo per la consegna, il numero d\u2019ordine e le condizioni generali e particolari applicabili all\u2019ordine. Il cliente si impegna a verificare la correttezza dei dati contenuti nella conferma d\u2019ordine e, per eventuali correzioni, a comunicarlo entro 24 (ventiquattro) ore dalla ricezione della stessa. Possibili aggravi di spese determinati da errori nei dati non segnalati tempestivamente, saranno a carico del cliente. Il numero dell\u2019ordine, generato dal sistema automatizzato e comunicato tramite mail, dovr\u00e0 essere utilizzato dal cliente in ogni comunicazione con il proprietario del sito. \u00c8 possibile che si verifichi occasionalmente la non disponibilit\u00e0 di alcuni prodotti, in tal caso, qualora i prodotti scelti dal cliente non siano disponibili, gli verr\u00e0 comunicato tempestivamente.<\/p>\n\n\n\n<p class=\"has-text-align-left\"><strong>5) Modalit\u00e0 di consegna<\/strong><br>Viene effettuata la consegna della merce avvalendosi di vettori specializzati. Al momento della consegna \u00e8 richiesta la presenza del cliente per controllare che gli imballaggi siano integri e che i prodotti ricevuti corrispondano a quanto riportato nell\u2019ordine. In caso di difetti visibili, quali le quantit\u00e0 errata e\/o prodotto errato e la non integrit\u00e0 degli imballaggi, il cliente dovr\u00e0 provvedere alla relativa segnalazione sul documento di trasporto e contattare il proprietario del sito tramite e-mail entro e non oltre 7 (sette) giorni dalla consegna.<\/p>\n\n\n\n<p>Tutti gli ordini vengono spediti dalla nostra sede logistica nella Repubblica di San Marino<\/p>\n\n\n\n<p>I prodotti verranno consegnati dal corriere espresso preposto o da chi per lui all\u2019indirizzo indicato che non potr\u00e0 essere modificato una volta che l\u2019ordine \u00e8 stato preso in carico. I prodotti acquistati vengono consegnati nel minor tempo possibile. Il proprietario del sito si impegna a rispettare, come tempo massimo di consegna, un periodo non superiore a 15 giorni lavorativi dal tempo stimato di consegna, salvo casi di forza maggiore. In caso di ritardo superiore a 15 giorni lavorativi, il cliente verr\u00e0 contattato direttamente tramite e-mail per essere informato e aggiornato sulla data di consegna prevista.<\/p>\n\n\n\n<p>TEMPISTICHE DI CONSEGNA PER ARTICOLI PERSONALIZZATI DELLA CAPSULE CON FANTINI PELLETTERIA<\/p>\n\n\n\n<p><strong>Personalizzazione con incisione per prodotti Fantini Pelletteria<\/strong><br>L\u2019aggiunta di nomi o iniziali sui prodotti non prevede tempi di consegna aggiuntivi: gli artigiani le incideranno al momento unitamente al logo \u201cSave Pitcairn\u201d sul prodotto gi\u00e0 pronto in magazzino. Una volta completata l\u2019incisione, l\u2019ordine viene spedito con i consueti tempi di consegna standard indicati in fase di acquisto.<\/p>\n\n\n\n<p class=\"has-text-align-left\">Per maggiori info sulle spedizioni puoi contattarci alla seguente mail: <a href=\"mailto:info@savepitcairn.com\">info@savepitcairn.com<\/a><\/p>\n\n\n\n<p><strong>6) Spese di spedizione<\/strong><br>Le spese di spedizione possono essere gratuite o a carico del cliente e sono adeguatamente evidenziate nell\u2019ordine.<\/p>\n\n\n\n<p>Per l\u2019<strong>Italia<\/strong>&nbsp;e la&nbsp;<strong>Repubblica di San Marino<\/strong>&nbsp;le spese di spedizione sono&nbsp;<strong>gratuite<\/strong>&nbsp;per qualsiasi importo speso e la consegna avviene normalmente in&nbsp;<strong>4-5 giorni lavorativi<\/strong>.<\/p>\n\n\n\n<p>Per gli ordini destinati ad altri paesi, il costo della spedizione \u00e8 pari a 15 Euro.<\/p>\n\n\n\n<p><strong>7) Servizio di assistenza<\/strong><br>Il cliente potr\u00e0 avere informazioni in merito ai servizi di assistenza post vendita, accedendo alla sezione \u201cContattaci\u201d del sito oppure tramite e-mail all\u2019indirizzo: mailto:<a href=\"mailto:info@savepitcairn.com\">info@savepitcairn.com<\/a><\/p>\n\n\n\n<p><strong>8) <strong>Cambio merce o reso (\u201cMerchant Return Policy\u201d)<\/strong><\/strong><br>\u00c8 consentito il cambio della merce acquistata o il reso purch\u00e9 la merce non sia rotta\/deteriorata e in ogni caso non deve dare segni di usura causati da utilizzo. Il materiale deve essere provvisto di apposito imballo (busta\/scatola ecc.), tale imballo deve essere utilizzato per re-inserire la merce, non devono essere trascorsi pi\u00f9 di 14 giorni dalla data di ricevimento della merce. Sono esclusi dai cambi gli articoli personalizzati. Le spese di spedizione per il cambio merce o reso, sono a carico del cliente, a meno che il cambio merce o reso non sia dovuto ad un errore iniziale di Save Pitcairn Srl. Per poter effettuare il cambio merce o il reso, occorre contattare il nostro Servizio Clienti tramite mail all\u2019indirizzo <a href=\"mailto:info@savepitcairn.com\">info@savepitcairn.com<\/a> , comunicando i riferimenti del vostro ordine, degli articoli da sostituire o da rendere e comunicare l\u2019indirizzo di spedizione per l\u2019eventuale invio degli articoli di cui si chiede la sostituzione.<\/p>\n\n\n\n<p>Passati i 14 giorni si declina ogni tipo di responsabilit\u00e0 per rotture\/anomalie\/mancanze e per eventuali riconsegne (anche per assenze o per errati indirizzi), il costo sar\u00e0 a carico del destinatario.<br><strong>Non si accettano contestazioni di articoli usati o danneggiati.<\/strong><\/p>\n\n\n\n<p>AVVERTENZE:<br>> Le misure apportate su questo catalogo sono indicative e non costituiscono, n\u00e8 impegno, n\u00e8 motivo di reclamo verso la ns. Azienda.<\/p>\n\n\n\n<p>> L\u2019Azienda non si ritiene responsabili per eventuali danneggiamenti degli articoli da parte del cliente.<\/p>\n\n\n\n<p>> Save Pitcairn Srl si riserva il diritto di variare i prezzi senza alcun preavviso; il prezzo praticato sar\u00e0 comunque quello indicato al momento dell\u2019ordine.<\/p>\n\n\n\n<p><strong>9) Garanzia legale per il consumatore<\/strong><br>Il consumatore, cos\u00ec come definito nell\u2019art. 3 del Codice del Consumo (di seguito, \u201cCodice del Consumo\u201d, D. Lgs. 6 Settembre 2005, n. 206), ha diritto di avvalersi della garanzia legale prevista dal Codice del Consumo stesso agli articoli dal 128 al 132. Tale garanzia prevede, tra l\u2019altro, che il consumatore, a pena di decadenza, comunichi al proprietario del sito l\u2019eventuale difetto di conformit\u00e0 riscontrato dal consumatore nel prodotto acquistato entro 2 (due) mesi dalla scoperta (art. 132, Codice del Consumo). A seguito di tale comunicazione, il consumatore avr\u00e0 diritto a richiedere la riparazione o la sostituzione del prodotto, fermi restando gli altri diritti previsti dalla legge in favore del consumatore. La garanzia legale di cui sopra \u00e8 valida per il termine massimo di 2 (due) anni dalla consegna del prodotto. Oltre tale termine, il proprietario del sito pertanto, non sar\u00e0 responsabile dei difetti di conformit\u00e0 riscontrati dal consumatore. In caso di sostituzione o riparazione del prodotto, i termini della garanzia relativa al prodotto dato in sostituzione o risultante dalla riparazione, sono i medesimi del prodotto originario. Pertanto, la durata complessiva biennale della garanzia legale decorrer\u00e0 comunque dalla consegna del prodotto originario. Si rinvia, in ogni caso, per la disciplina della garanzia legale, alle norme del Codice del Consumo di cui agli articoli 128 e seguenti.<\/p>\n\n\n\n<p><strong>10) Trattamento dei dati personali<\/strong><br>I dati del cliente sono trattati dal proprietario del sito conformemente a quanto previsto dalla normativa in materia di protezione dei dati personali, come specificato nell\u2019informativa fornita nell\u2019apposita sezione \u201c Informativa sulla Privacy\u201d.<\/p>\n\n\n\n<p><strong>11) Foro Competente<\/strong><br>Eventuali controversie connesse all\u2019interpretazione o esecuzione del presente contratto saranno risolte in via esclusiva dal Tribunale di competenza, fatto salvo l\u2019applicazione delle norme del Codice del Consumo in caso di acquisti da parte di consumatori.<\/p>\n","protected":false},"excerpt":{"rendered":"<p>TERMINI E CONDIZIONI 1) Note generaliLe presenti condizioni generali di vendita (\u201cTermini e Condizioni\u201d) sono regolate dal Codice del Consumo (D. Lgs. n. 206\/2005) e dalle norme in materia di commercio elettronico (D. Lgs. n. 70\/2003). 2) Offerta al pubblicoI prodotti ed i relativi prezzi presentati nel sito costituiscono un\u2019offerta al pubblico conformemente alle modalit\u00e0 [&hellip;]<\/p>\n","protected":false},"author":1,"featured_media":0,"parent":0,"menu_order":0,"comment_status":"closed","ping_status":"closed","template":"page-with-title","meta":{"om_disable_all_campaigns":false,"_monsterinsights_skip_tracking":false,"_monsterinsights_sitenote_active":false,"_monsterinsights_sitenote_note":"","_monsterinsights_sitenote_category":0,"postBodyCss":"","postBodyMargin":[],"postBodyPadding":[],"postBodyBackground":{"backgroundType":"classic","gradient":""},"footnotes":""},"class_list":["post-1797","page","type-page","status-publish","hentry"],"aioseo_notices":[],"jetpack_sharing_enabled":true,"_links":{"self":[{"href":"https:\/\/savepitcairn.com\/en\/wp-json\/wp\/v2\/pages\/1797","targetHints":{"allow":["GET"]}}],"collection":[{"href":"https:\/\/savepitcairn.com\/en\/wp-json\/wp\/v2\/pages"}],"about":[{"href":"https:\/\/savepitcairn.com\/en\/wp-json\/wp\/v2\/types\/page"}],"author":[{"embeddable":true,"href":"https:\/\/savepitcairn.com\/en\/wp-json\/wp\/v2\/users\/1"}],"replies":[{"embeddable":true,"href":"https:\/\/savepitcairn.com\/en\/wp-json\/wp\/v2\/comments?post=1797"}],"version-history":[{"count":3,"href":"https:\/\/savepitcairn.com\/en\/wp-json\/wp\/v2\/pages\/1797\/revisions"}],"predecessor-version":[{"id":1931,"href":"https:\/\/savepitcairn.com\/en\/wp-json\/wp\/v2\/pages\/1797\/revisions\/1931"}],"wp:attachment":[{"href":"https:\/\/savepitcairn.com\/en\/wp-json\/wp\/v2\/media?parent=1797"}],"curies":[{"name":"wp","href":"https:\/\/api.w.org\/{rel}","templated":true}]}}