{"id":1818,"date":"2025-08-23T14:50:49","date_gmt":"2025-08-23T14:50:49","guid":{"rendered":"https:\/\/savepitcairn.com\/?page_id=1818"},"modified":"2025-08-29T13:20:48","modified_gmt":"2025-08-29T13:20:48","slug":"tipi-di-cookie-in-base-alla-finalita","status":"publish","type":"page","link":"https:\/\/savepitcairn.com\/en\/tipi-di-cookie-in-base-alla-finalita\/","title":{"rendered":"Tipi di Cookie in base alla finalit\u00e0"},"content":{"rendered":"\n<p><strong>Tipi di Cookie in base alla finalit\u00e0<\/strong><\/p>\n\n\n\n<p>Questa sezione spiega come raccogliamo e utilizziamo i dati di navigazione tramite i cookie, e quali sono i tuoi diritti. Il nostro obiettivo \u00e8 offrirti un\u2019esperienza affidabile e trasparente.<\/p>\n\n\n\n<p>Con il presente specchietto e spiegazioni riportate, Save Pitcairn intende dare il pi\u00f9 possibile comprensione ai propri visitatori del sito e clienti, in particolare a quelli di lingua italiana, delle tipologie di Cookie in considerazione della presenza sul sito di un banner granulare in lingua inglese (<strong>Customise Consent Preferences<\/strong>) necessario per essere rispondenti in tutti i Paesi del mondo.<\/p>\n\n\n\n<p><strong>Cosa sono i cookie?<\/strong><strong><\/strong><\/p>\n\n\n\n<p>I cookie sono piccoli file di testo salvati sul tuo dispositivo quando visiti un sito. Sono sicuri e servono a:<\/p>\n\n\n\n<ul class=\"wp-block-list\">\n<li>Migliorare la navigazione<\/li>\n\n\n\n<li>Salvare preferenze (es. lingua, login)<\/li>\n\n\n\n<li>Raccogliere dati statistici anonimi<\/li>\n\n\n\n<li>Personalizzare contenuti e pubblicit\u00e0<\/li>\n<\/ul>\n\n\n\n<p><strong>Tipologie di cookie<\/strong><\/p>\n\n\n\n<ol start=\"1\" class=\"wp-block-list\">\n<li><strong>Cookie di sessione<\/strong>: temporanei, si cancellano alla chiusura del browser.<\/li>\n\n\n\n<li><strong>Cookie permanenti<\/strong>: restano sul dispositivo per un periodo definito.<\/li>\n\n\n\n<li><strong>Cookie di terze parti<\/strong>: gestiti da soggetti esterni (es. pubblicit\u00e0, analisi).<\/li>\n<\/ol>\n\n\n\n<p><strong>Categorie funzionali<\/strong><\/p>\n\n\n\n<p>Sulla base della loro&nbsp;<strong>finalit\u00e0<\/strong>, possiamo catalogarli in:<\/p>\n\n\n\n<figure class=\"wp-block-image size-full\"><img fetchpriority=\"high\" decoding=\"async\" width=\"1004\" height=\"400\" src=\"https:\/\/savepitcairn.com\/wp-content\/uploads\/2025\/08\/image-26.png\" alt=\"\" class=\"wp-image-1819\" srcset=\"https:\/\/savepitcairn.com\/wp-content\/uploads\/2025\/08\/image-26.png 1004w, https:\/\/savepitcairn.com\/wp-content\/uploads\/2025\/08\/image-26-300x120.png 300w, https:\/\/savepitcairn.com\/wp-content\/uploads\/2025\/08\/image-26-768x306.png 768w, https:\/\/savepitcairn.com\/wp-content\/uploads\/2025\/08\/image-26-600x239.png 600w\" sizes=\"(max-width: 1004px) 100vw, 1004px\" \/><\/figure>\n\n\n\n<p>I <strong>cookie tecnici<\/strong>&nbsp;servono per la navigazione del sito e sono&nbsp;<strong>strettamente necessari<\/strong>&nbsp;(in inglese definiti \u201c<strong>Necessary\u201d<\/strong>) al funzionamento e alla fruizione dei contenuti in esso presente (ad esempio, per lo scorrimento della pagina, la consultazione dei contenuti, l\u2019erogazione del servizio etc\u2026).<\/p>\n\n\n\n<p>I&nbsp;<strong>cookie funzionali<\/strong>&nbsp;((in inglese definiti \u201c<strong>Functional\u201d) <\/strong>sono cookie utilizzati per migliorare le prestazioni e la funzionalit\u00e0 di un sito Web, ma non sono essenziali per il suo utilizzo. Sono utilizzati per&nbsp;<strong>memorizzare le preferenze<\/strong>&nbsp;e favorire cos\u00ec un utilizzo efficace del sito da parte dell\u2019utente e un\u2019esperienza di navigazione personalizzata (ad esempio, per tenere traccia della lingua scelta, effettuare l\u2019accesso senza doversi loggare ogni volta, etc\u2026).<\/p>\n\n\n\n<p>I&nbsp;<strong>cookie analitici o statistici&nbsp;(<\/strong>(in inglese definiti \u201c<strong>Performance\u201d) <\/strong>vengono utilizzati per raccogliere informazioni utili sul numero degli utenti e su come questi visitano il sito, a fini di&nbsp;<strong>ottimizzarlo e analizzarne le performance<\/strong>. Possono tuttavia assumere un potere profilante se vengono incrociati con altri dati.<\/p>\n\n\n\n<p>I&nbsp;<strong>cookie profilanti o di marketing<\/strong>&nbsp;((in inglese definiti \u201c<strong>Advertisement\u201d) <\/strong>sono cookie tipicamente utilizzati per raccogliere informazioni che, incrociate con altri dati, permettono di tracciare un&nbsp;<strong>profilo di navigazione dell\u2019utente&nbsp;<\/strong>in modo da proporgli messaggi pubblicitari in linea con i suoi interessi. L\u2019esempio pi\u00f9 tipico sono le piattaforme pubblicitarie di terze parti che vendono spazi pubblicitari: per raggiungere questo scopo, queste piattaforme distribuiscono i loro cookie tramite pi\u00f9 siti web (un esempio tipico \u00e8 il&nbsp;<em>pixel<\/em>&nbsp;di Facebook) e cos\u00ec raccolgo i dati per una&nbsp;<em>pubblicit\u00e0 comportamentale<\/em>. In generale, un cookie diventa profilante laddove utilizzi le informazioni raccolte per&nbsp;<strong>scopi commerciali<\/strong>&nbsp;perseguiti tramite un processo automatizzato.<\/p>\n\n\n\n<p>I&nbsp;<strong>cookie di social network&nbsp;(<\/strong>(in inglese definiti \u201c<strong>Uncategorised\u201d) <\/strong>sono cookie che consentono di condividere i contenuti del sito sul social network (tipicamente attraverso le funzioni \u201cMi piace\u201d o \u201cSegui\u201d o \u201cCondividi\u201d ) o viceversa (Widget social, Video embeddati sul sito, etc\u2026). Queste funzioni, il cui scopo principale non \u00e8 il funzionamento del sito web di Save Pitcairn, possono consentire alle reti sociali di identificare i propri utenti e raccogliere informazioni anche mentre navigano su altri siti, quindi potrebbero essere utilizzati con fini profilanti.ntono di condividere i contenuti del sito sul social network (tipicamente attraverso le funzioni \u201cMi piace\u201d o \u201cSegui\u201d o \u201cCondividi\u201d ) o viceversa (Widget social, Video embeddati sul sito, etc\u2026). Queste funzioni possono consentire alle reti sociali di identificare i propri utenti e raccogliere informazioni anche mentre navigano su altri siti, quindi potrebbero essere utilizzati con fini profilanti.<\/p>\n\n\n\n<p><strong>Gestione dei cookie<\/strong><\/p>\n\n\n\n<p>Puoi:<\/p>\n\n\n\n<ul class=\"wp-block-list\">\n<li>Accettare o rifiutare i cookie tramite le impostazioni del browser.<\/li>\n\n\n\n<li>Essere avvisato prima che vengano salvati.<\/li>\n\n\n\n<li>Eliminare i cookie gi\u00e0 presenti.<\/li>\n<\/ul>\n\n\n\n<p>\u26a0\ufe0f Disattivare i cookie pu\u00f2 limitare alcune funzionalit\u00e0 del sito (es. accesso ad aree riservate).<\/p>\n\n\n\n<hr class=\"wp-block-separator has-alpha-channel-opacity\"\/>\n\n\n\n<p><strong>Privacy e diritti<\/strong><strong><\/strong><\/p>\n\n\n\n<p>Ai sensi dell\u2019art. 13 del D. Lgs. 196\/2003, puoi:<\/p>\n\n\n\n<ul class=\"wp-block-list\">\n<li>Consultare, modificare o cancellare i tuoi dati<\/li>\n\n\n\n<li>Opporti al trattamento per motivi legittimi<\/li>\n<\/ul>\n\n\n\n<p>Per esercitare i tuoi diritti, contatta il titolare del trattamento:<\/p>\n\n\n\n<p>Giovanni Trocca&nbsp; &#8211; &nbsp;<a href=\"mailto:info@savepitcairn.com\">info@savepitcairn.com<\/a><\/p>\n\n\n\n<p>Sava Pitcairn Srl ci tiene a precisare ed informare il visitatore e il cliente che:<\/p>\n\n\n\n<ol class=\"wp-block-list\">\n<li>relativamente alla <strong>Visualizzazione di contenuti da piattaforme esterne<\/strong><\/li>\n<\/ol>\n\n\n\n<p>Questo sito NON utilizza direttamente alcun cookie di profilazione.<br>Tuttavia questo sito utilizza oggetti incorporati che scaricano cookie di terze parti, spesso in grado di effettuare una profilazione degli interessi, ricerche o della navigazione dell\u2019utente, per i quali di seguito trovate i links di dettaglio per informazioni e per gestirne il consenso.<br>Nel caso in cui sia installato un servizio di questo tipo, \u00e8 possibile che, anche nel caso gli Utenti non utilizzino il servizio, lo stesso raccolga dati di traffico relativi alle pagine in cui \u00e8 installato.<\/p>\n\n\n\n<p><strong>Widget Google Maps (Google Inc.)<\/strong><br>Google Maps \u00e8 un servizio di visualizzazione di mappe gestito da Google Inc. che permette a questa Applicazione di integrare tali contenuti all\u2019interno delle proprie pagine.<br>Dati personali raccolti: Cookie e Dati di utilizzo.<br>Luogo del trattamento : USA \u2013&nbsp;<a href=\"http:\/\/www.google.it\/intl\/it\/policies\/privacy\/\" target=\"_blank\" rel=\"noreferrer noopener\">Privacy Policy<\/a><\/p>\n\n\n\n<p><strong>Google Fonts (Google Inc.)<\/strong><br>Google Fonts \u00e8 un servizio di visualizzazione di stili di carattere gestito da Google Inc. che permette a questa Applicazione di integrare tali contenuti all\u2019interno delle proprie pagine.<br>Dati personali raccolti: Cookie e Dati di utilizzo.<br>Luogo del trattamento : USA \u2013&nbsp;<a href=\"http:\/\/www.google.it\/intl\/en\/policies\/privacy\/\" target=\"_blank\" rel=\"noreferrer noopener\">Privacy Policy<\/a><br><br><strong>Statistica<\/strong><br>I servizi contenuti nella presente sezione permettono al Titolare del Trattamento di monitorare e analizzare i dati di traffico e servono a tener traccia del comportamento dell\u2019Utente.<\/p>\n\n\n\n<p><strong>Google Analytics (Google Inc.)<\/strong><br>Google Analytics \u00e8 un servizio di analisi web fornito da Google Inc. (\u201cGoogle\u201d). Google utilizza i Dati Personali raccolti allo scopo di tracciare ed esaminare l\u2019utilizzo di questa Applicazione, compilare report e condividerli con gli altri servizi sviluppati da Google.<br>Google potrebbe utilizzare i Dati Personali per contestualizzare e personalizzare gli annunci del proprio network pubblicitario.<br>Dati personali raccolti: Cookie e Dati di utilizzo.<br>Luogo del trattamento : USA \u2013&nbsp;<a href=\"http:\/\/www.google.com\/intl\/it\/policies\/privacy\/\" target=\"_blank\" rel=\"noreferrer noopener\">Privacy Policy<\/a>&nbsp;\u2013&nbsp;<a href=\"http:\/\/tools.google.com\/dlpage\/gaoptout?hl=it\" target=\"_blank\" rel=\"noreferrer noopener\">Opt Out<\/a><br><br><strong>Protezione dallo SPAM<\/strong><br>Questi servizi analizzano il traffico di questa Applicazione, potenzialmente contenente Dati Personali degli Utenti, al fine di filtrarlo da parti di traffico, messaggi e contenuti riconosciuti come SPAM.<\/p>\n\n\n\n<p><strong>Google reCAPTCHA (Google Inc.)<\/strong><br>Google reCAPTCHA \u00e8 un servizio di protezione dallo SPAM fornito da Google Inc.<br>Dati personali raccolti: Cookie e Dati di utilizzo.<br>Luogo del trattamento : USA \u2013&nbsp;<a href=\"https:\/\/www.google.com\/intl\/policies\/privacy\/\" target=\"_blank\" rel=\"noreferrer noopener\">Privacy Policy<\/a><\/p>\n\n\n\n<ul class=\"wp-block-list\">\n<li>Ai sensi dell&#8217;articolo 13 del d. lgs. 196\/2003,&nbsp;Save Pitcairn Srl informa il Cliente, che ne prende atto, del fatto che i dati personali forniti dal Cliente potranno essere trattati, sia manualmente che con mezzi automatizzati, da&nbsp;Save Pitcairn Srl, Strada dei Censiti , 1\/B &#8211; &nbsp;47891 Falciano (Repubblica di San Marino) nella persona dell\u2019Amministratore Giovanni Trocca.<\/li>\n<\/ul>\n\n\n\n<p>Tale trattamento \u00e8 necessario all&#8217;esecuzione delle obbligazioni derivanti dal rapporto contrattuale e, quindi, non necessita del consenso del Cliente. Ai sensi dell\u00b4art. 7, d. lgs. 196\/2003, il Cliente potr\u00e0 esercitare i relativi diritti fra cui consultare, modificare, cancellare i propri dati o opporsi per motivi legittimi al loro trattamento, rivolgendosi al titolare Giovanni Trocca, Save Pitcairn Srl, Strada dei Censiti , 1\/B &#8211; &nbsp;47891 Falciano (Repubblica di San Marino)<\/p>\n\n\n\n<div class=\"wp-block-buttons is-layout-flex wp-block-buttons-is-layout-flex\">\n<div class=\"wp-block-button\"><a class=\"wp-block-button__link wp-element-button\" href=\"https:\/\/savepitcairn.com\/contattaci\/\">ACCETTO <\/a><\/div>\n<\/div>\n\n\n\n<div class=\"wp-block-buttons is-layout-flex wp-block-buttons-is-layout-flex\">\n<div class=\"wp-block-button\"><a class=\"wp-block-button__link wp-element-button\" href=\"https:\/\/savepitcairn.com\">NON ACCETTO *<\/a><\/div>\n<\/div>\n\n\n\n<ul class=\"wp-block-list\">\n<li>Il non aver accettato i cookie, la tua esperienza di navigazione potrebbe essere limitata, con meno personalizzazione, pubblicit\u00e0  meno rilevante e, in alcuni casi, funzionalit\u00e0 ridotte. Rifiutando i cookie, perdi la possibilit\u00e0 di ricevere offerte e sconti su misura, ma salvaguardi totalmente la tua privacy, poich\u00e9 i dati usati per il tracciamento e la profilazione non vengono da noi raccolti.&nbsp;<\/li>\n\n\n\n<li>Il rifiuto dei cookie \u00e8 un tuo diritto previsto dalla normativa europea (GDPR) a tal proposito t<strong>i invitiamo ad utilizzare il banner con le opzioni per accettare o rifiutare totalmente o parzialmente i cookie<\/strong>, garantendo che il rifiuto non comprometta le funzionalit\u00e0 del sito che trovi sul lato basso a sinistra nella Home page del sito<\/li>\n<\/ul>\n\n\n\n<figure class=\"wp-block-image size-full\"><img decoding=\"async\" width=\"393\" height=\"105\" src=\"https:\/\/savepitcairn.com\/wp-content\/uploads\/2025\/08\/image-27.png\" alt=\"\" class=\"wp-image-1857\" srcset=\"https:\/\/savepitcairn.com\/wp-content\/uploads\/2025\/08\/image-27.png 393w, https:\/\/savepitcairn.com\/wp-content\/uploads\/2025\/08\/image-27-300x80.png 300w\" sizes=\"(max-width: 393px) 100vw, 393px\" \/><\/figure>\n","protected":false},"excerpt":{"rendered":"<p>Tipi di Cookie in base alla finalit\u00e0 Questa sezione spiega come raccogliamo e utilizziamo i dati di navigazione tramite i cookie, e quali sono i tuoi diritti. Il nostro obiettivo \u00e8 offrirti un\u2019esperienza affidabile e trasparente. Con il presente specchietto e spiegazioni riportate, Save Pitcairn intende dare il pi\u00f9 possibile comprensione ai propri visitatori del [&hellip;]<\/p>\n","protected":false},"author":1,"featured_media":0,"parent":0,"menu_order":0,"comment_status":"closed","ping_status":"closed","template":"page-with-title","meta":{"om_disable_all_campaigns":false,"_monsterinsights_skip_tracking":false,"_monsterinsights_sitenote_active":false,"_monsterinsights_sitenote_note":"","_monsterinsights_sitenote_category":0,"postBodyCss":"","postBodyMargin":[],"postBodyPadding":[],"postBodyBackground":{"backgroundType":"classic","gradient":""},"footnotes":""},"class_list":["post-1818","page","type-page","status-publish","hentry"],"aioseo_notices":[],"jetpack_sharing_enabled":true,"_links":{"self":[{"href":"https:\/\/savepitcairn.com\/en\/wp-json\/wp\/v2\/pages\/1818","targetHints":{"allow":["GET"]}}],"collection":[{"href":"https:\/\/savepitcairn.com\/en\/wp-json\/wp\/v2\/pages"}],"about":[{"href":"https:\/\/savepitcairn.com\/en\/wp-json\/wp\/v2\/types\/page"}],"author":[{"embeddable":true,"href":"https:\/\/savepitcairn.com\/en\/wp-json\/wp\/v2\/users\/1"}],"replies":[{"embeddable":true,"href":"https:\/\/savepitcairn.com\/en\/wp-json\/wp\/v2\/comments?post=1818"}],"version-history":[{"count":7,"href":"https:\/\/savepitcairn.com\/en\/wp-json\/wp\/v2\/pages\/1818\/revisions"}],"predecessor-version":[{"id":1863,"href":"https:\/\/savepitcairn.com\/en\/wp-json\/wp\/v2\/pages\/1818\/revisions\/1863"}],"wp:attachment":[{"href":"https:\/\/savepitcairn.com\/en\/wp-json\/wp\/v2\/media?parent=1818"}],"curies":[{"name":"wp","href":"https:\/\/api.w.org\/{rel}","templated":true}]}}