{"id":1256,"date":"2025-07-14T18:57:28","date_gmt":"2025-07-14T18:57:28","guid":{"rendered":"https:\/\/savepitcairn.com\/?post_type=product&#038;p=1256"},"modified":"2026-03-16T16:47:57","modified_gmt":"2026-03-16T16:47:57","slug":"giacca-trapuntata","status":"publish","type":"product","link":"https:\/\/savepitcairn.com\/en\/prodotto\/giacca-trapuntata\/","title":{"rendered":"PIUMINO"},"content":{"rendered":"<p><strong>Modello SP25M001\u00a0&#8211;\u00a0Caratteristiche del prodotto<\/strong><\/p>\n<p><strong>PIUMIN<\/strong><strong>O<\/strong><\/p>\n<p>Informazioni per il cliente<\/p>\n<p>&nbsp;<\/p>\n<p>Un giaccone con esterno in taffet\u00e0 di poliestere e imbottitura 100% poliestere presenta diverse caratteristiche, tra cui:<\/p>\n<ul>\n<li><strong>Leggerezza:<\/strong><\/li>\n<\/ul>\n<p>Il poliestere \u00e8 un materiale leggero, rendendo il giaccone confortevole da indossare.<\/p>\n<ul>\n<li><strong>Resistenza:<\/strong><\/li>\n<\/ul>\n<p>Sia il taffet\u00e0 che il poliestere sono materiali resistenti all&#8217;usura, all&#8217;abrasione e alle pieghe, garantendo la durata del giaccone.<\/p>\n<ul>\n<li><strong>Facilit\u00e0 di manutenzione:<\/strong><\/li>\n<\/ul>\n<p>Entrambi i materiali sono facili da lavare e asciugano rapidamente, rendendo il giaccone pratico e veloce da mantenere.<\/p>\n<ul>\n<li><strong>Isolamento termico:<\/strong><\/li>\n<\/ul>\n<p>L&#8217;imbottitura in poliestere offre un buon isolamento termico, mantenendo il corpo caldo.<\/p>\n<ul>\n<li><strong>Durabilit\u00e0:<\/strong><\/li>\n<\/ul>\n<p>Il poliestere \u00e8 un materiale robusto e resistente, che non si sgualcisce facilmente, garantendo la forma del giaccone anche dopo numerosi lavaggi.<\/p>\n<ul>\n<li><strong>Aspetto lucido e frusciante:<\/strong><\/li>\n<\/ul>\n<p>Il taffet\u00e0 di poliestere pu\u00f2 avere un aspetto lucido e frusciante, conferendo al giaccone un tocco di eleganza.<\/p>\n<ul>\n<li><strong>Versatilit\u00e0:<\/strong><\/li>\n<\/ul>\n<p>Il poliestere pu\u00f2 essere lavorato in diversi modi per ottenere tessuti con diverse propriet\u00e0, come ad esempio il taffet\u00e0, rendendo il giaccone adatto a diverse occasioni.<\/p>\n<p>In sostanza, un giaccone con queste caratteristiche \u00e8 un capo pratico, resistente, facile da mantenere e adatto a diverse temperature, con un tocco di eleganza grazie al taffet\u00e0.<\/p>\n<p>&nbsp;<\/p>\n","protected":false},"excerpt":{"rendered":"<p><strong>PIUMIN<\/strong><strong>O<\/strong><\/p>\n<p>Un giaccone con esterno in taffet\u00e0 di poliestere e imbottitura 100% poliestere presenta diverse caratteristiche,\u00a0\u00a0che lo rendono un capo pratico, resistente, facile da mantenere e adatto a diverse temperature, con un tocco di eleganza grazie al taffet\u00e0.<\/p>\n<p>&nbsp;<\/p>\n","protected":false},"featured_media":1510,"comment_status":"open","ping_status":"closed","template":"","meta":{"om_disable_all_campaigns":false,"_monsterinsights_skip_tracking":false,"_monsterinsights_sitenote_active":false,"_monsterinsights_sitenote_note":"","_monsterinsights_sitenote_category":0,"postBodyCss":"","postBodyMargin":[],"postBodyPadding":[],"postBodyBackground":{"backgroundType":"classic","gradient":""}},"product_brand":[],"product_cat":[28,27],"product_tag":[],"class_list":{"0":"post-1256","1":"product","2":"type-product","3":"status-publish","4":"has-post-thumbnail","6":"product_cat-abbigliamento-donna","7":"product_cat-abbigliamento-uomo","8":"pa_colore-grigio-chiaro","9":"pa_colore-grigio-verdastro","10":"pa_colore-nero","12":"first","13":"onbackorder","14":"taxable","15":"shipping-taxable","16":"purchasable","17":"product-type-variable"},"aioseo_notices":[],"jetpack_sharing_enabled":true,"_links":{"self":[{"href":"https:\/\/savepitcairn.com\/en\/wp-json\/wp\/v2\/product\/1256","targetHints":{"allow":["GET"]}}],"collection":[{"href":"https:\/\/savepitcairn.com\/en\/wp-json\/wp\/v2\/product"}],"about":[{"href":"https:\/\/savepitcairn.com\/en\/wp-json\/wp\/v2\/types\/product"}],"replies":[{"embeddable":true,"href":"https:\/\/savepitcairn.com\/en\/wp-json\/wp\/v2\/comments?post=1256"}],"wp:featuredmedia":[{"embeddable":true,"href":"https:\/\/savepitcairn.com\/en\/wp-json\/wp\/v2\/media\/1510"}],"wp:attachment":[{"href":"https:\/\/savepitcairn.com\/en\/wp-json\/wp\/v2\/media?parent=1256"}],"wp:term":[{"taxonomy":"product_brand","embeddable":true,"href":"https:\/\/savepitcairn.com\/en\/wp-json\/wp\/v2\/product_brand?post=1256"},{"taxonomy":"product_cat","embeddable":true,"href":"https:\/\/savepitcairn.com\/en\/wp-json\/wp\/v2\/product_cat?post=1256"},{"taxonomy":"product_tag","embeddable":true,"href":"https:\/\/savepitcairn.com\/en\/wp-json\/wp\/v2\/product_tag?post=1256"}],"curies":[{"name":"wp","href":"https:\/\/api.w.org\/{rel}","templated":true}]}}