{"id":1507,"date":"2025-08-11T21:27:28","date_gmt":"2025-08-11T21:27:28","guid":{"rendered":"https:\/\/savepitcairn.com\/?post_type=product&#038;p=1507"},"modified":"2025-08-11T21:28:56","modified_gmt":"2025-08-11T21:28:56","slug":"zainetto-in-pelle-rossa-capsule-di-fantini-pelletteria-per-save-pitcairn-2","status":"publish","type":"product","link":"https:\/\/savepitcairn.com\/en\/prodotto\/zainetto-in-pelle-rossa-capsule-di-fantini-pelletteria-per-save-pitcairn-2\/","title":{"rendered":"Trolley in pelle Voyager Capsule di Fantini Pelletteria per Save Pitcairn"},"content":{"rendered":"<p><strong>Zainetto Rosso in pelle Mod. \u201cVenezia\u201d, Capsule di Fantini Pelletteria per Save Pitcairn.<\/strong><\/p>\n<p>Lo zainetto rosso in pelle \u201cVenezia\u201d \u00e8 un modello simbolo della Pelletteria Fantini con cui abbiamo realizzato una capsula personalizzata per Save Pitcairn e con il suo tocco di colore acceso ti far\u00e0 innamorare ogni volta che lo indossi. Si tratta di un articolo che pu\u00f2 essere abbinato con qualsiasi outfit, da quello pi\u00f9 sportivo per una passeggiata a quello pi\u00f9 elegante per un incontro di lavoro o per andare all\u2019universit\u00e0. Questo zaino \u00e8 caratterizzato da un\u2019ampia tasca anteriore e un grande spazio interno dove poter contenere tutto ci\u00f2 di cui hai bisogno. Facilmente trasportabile ovunque grazie alle comode spalline regolabili o il manico rinforzato. Le cerniere metalliche e le cuciture realizzate a mano sono dettagli che rendono questo zainetto in pelle rosso un modello ricercato e unico, di gran classe ed alta moda. Il cuoio \u00e8 un materiale di grande valore e quello italiano che la Fantini Pelletteria sceglie \u00e8 ancora pi\u00f9 prestigioso. La lavorazione del cuoio richiede numerose ore di produzione e l\u2019attenzione dei migliori artigiani, ma ci\u00f2 che viene realizzato \u00e8 un modello di grande qualit\u00e0, come questo zaino artigianale.<\/p>\n<h3><b>Scheda tecnica del prodotto:<\/b><\/h3>\n<div class=\"product--description\">\n<table class=\"product--properties-table\">\n<tbody>\n<tr class=\"product--properties-row\">\n<td class=\"product--properties-label is--bold\">Tipo di pelle:<\/td>\n<td class=\"product--properties-value\">Pelle pieno fiore conciata al vegetale tamponata a mano<\/td>\n<\/tr>\n<tr class=\"product--properties-row\">\n<td class=\"product--properties-label is--bold\">Materiale interno:<\/td>\n<td class=\"product--properties-value\">Cotone<\/td>\n<\/tr>\n<tr class=\"product--properties-row\">\n<td class=\"product--properties-label is--bold\">Dimensioni (Lunghezza x Larghezza x Altezza):<\/td>\n<td class=\"product--properties-value\">27 \u00d7 16 \u00d7 31 cm<\/td>\n<\/tr>\n<tr class=\"product--properties-row\">\n<td class=\"product--properties-label is--bold\">Chiusura:<\/td>\n<td class=\"product--properties-value\">Magnete e cerniera superiore metallica<\/td>\n<\/tr>\n<tr class=\"product--properties-row\">\n<td class=\"product--properties-label is--bold\">Marchio esterno:<\/td>\n<td class=\"product--properties-value\">Stampa a fuoco<\/td>\n<\/tr>\n<tr class=\"product--properties-row\">\n<td class=\"product--properties-label is--bold\">Costruzione:<\/td>\n<td class=\"product--properties-value\">Semi-rigida<\/td>\n<\/tr>\n<tr class=\"product--properties-row\">\n<td class=\"product--properties-label is--bold\">Scompartimenti esterni:<\/td>\n<td class=\"product--properties-value\">1 frontale con zip metallica<\/td>\n<\/tr>\n<tr class=\"product--properties-row\">\n<td class=\"product--properties-label is--bold\">Tasca esterna:<\/td>\n<td class=\"product--properties-value\">1 sul retro con zip metallica<\/td>\n<\/tr>\n<tr class=\"product--properties-row\">\n<td class=\"product--properties-label is--bold\">Tasche interne:<\/td>\n<td class=\"product--properties-value\">4<\/td>\n<\/tr>\n<tr class=\"product--properties-row\">\n<td class=\"product--properties-label is--bold\">Tasca interna con zip:<\/td>\n<td class=\"product--properties-value\">1<\/td>\n<\/tr>\n<tr class=\"product--properties-row\">\n<td class=\"product--properties-label is--bold\">Spallacci:<\/td>\n<td class=\"product--properties-value\">Regolabili in pelle<\/td>\n<\/tr>\n<tr class=\"product--properties-row\">\n<td class=\"product--properties-label is--bold\">Altezza manico (luce):<\/td>\n<td class=\"product--properties-value\">8 cm<\/td>\n<\/tr>\n<tr class=\"product--properties-row\">\n<td class=\"product--properties-label is--bold\">Panno protettivo:<\/td>\n<td class=\"product--properties-value\">Cotone con stampa Fantini<\/td>\n<\/tr>\n<tr class=\"product--properties-row\">\n<td class=\"product--properties-label is--bold\">Garanzia:<\/td>\n<td class=\"product--properties-value\">24 mesi<\/td>\n<\/tr>\n<tr class=\"product--properties-row\">\n<td class=\"product--properties-label is--bold\">Produzione:<\/td>\n<td class=\"product--properties-value\">Artigianale \u2013 Made in Italy<\/td>\n<\/tr>\n<\/tbody>\n<\/table>\n<\/div>\n","protected":false},"excerpt":{"rendered":"<p>Zainetto Rosso in pelle Mod. \u201cVenezia\u201d, Capsule di Fantini Pelletteria per Save Pitcairn. Lo zainetto rosso in pelle \u201cVenezia\u201d \u00e8 un modello simbolo della Pelletteria Fantini con cui abbiamo realizzato una capsula personalizzata per Save Pitcairn e con il suo tocco di colore acceso ti far\u00e0 innamorare ogni volta che lo indossi. Si tratta di [&hellip;]<\/p>\n","protected":false},"featured_media":276,"comment_status":"open","ping_status":"closed","template":"","meta":{"om_disable_all_campaigns":false,"_monsterinsights_skip_tracking":false,"_monsterinsights_sitenote_active":false,"_monsterinsights_sitenote_note":"","_monsterinsights_sitenote_category":0,"postBodyCss":"","postBodyMargin":[],"postBodyPadding":[],"postBodyBackground":{"backgroundType":"classic","gradient":""}},"product_brand":[],"product_cat":[19],"product_tag":[],"class_list":{"0":"post-1507","1":"product","2":"type-product","3":"status-publish","4":"has-post-thumbnail","6":"product_cat-attrezzatura-da-viaggio","8":"first","9":"instock","10":"taxable","11":"shipping-taxable","12":"purchasable","13":"product-type-simple"},"aioseo_notices":[],"jetpack_sharing_enabled":true,"_links":{"self":[{"href":"https:\/\/savepitcairn.com\/en\/wp-json\/wp\/v2\/product\/1507","targetHints":{"allow":["GET"]}}],"collection":[{"href":"https:\/\/savepitcairn.com\/en\/wp-json\/wp\/v2\/product"}],"about":[{"href":"https:\/\/savepitcairn.com\/en\/wp-json\/wp\/v2\/types\/product"}],"replies":[{"embeddable":true,"href":"https:\/\/savepitcairn.com\/en\/wp-json\/wp\/v2\/comments?post=1507"}],"wp:featuredmedia":[{"embeddable":true,"href":"https:\/\/savepitcairn.com\/en\/wp-json\/wp\/v2\/media\/276"}],"wp:attachment":[{"href":"https:\/\/savepitcairn.com\/en\/wp-json\/wp\/v2\/media?parent=1507"}],"wp:term":[{"taxonomy":"product_brand","embeddable":true,"href":"https:\/\/savepitcairn.com\/en\/wp-json\/wp\/v2\/product_brand?post=1507"},{"taxonomy":"product_cat","embeddable":true,"href":"https:\/\/savepitcairn.com\/en\/wp-json\/wp\/v2\/product_cat?post=1507"},{"taxonomy":"product_tag","embeddable":true,"href":"https:\/\/savepitcairn.com\/en\/wp-json\/wp\/v2\/product_tag?post=1507"}],"curies":[{"name":"wp","href":"https:\/\/api.w.org\/{rel}","templated":true}]}}