{"id":166,"date":"2025-04-07T15:33:56","date_gmt":"2025-04-07T15:33:56","guid":{"rendered":"https:\/\/savepitcairn.com\/prodotto\/prodotto-4\/"},"modified":"2025-07-14T16:31:40","modified_gmt":"2025-07-14T16:31:40","slug":"prodotto-4","status":"publish","type":"product","link":"https:\/\/savepitcairn.com\/en\/prodotto\/prodotto-4\/","title":{"rendered":"MODELLO SS25S001 Sand"},"content":{"rendered":"<p>Articolo: Telo Mare<\/p>\n<p>Taglie: Unica 90&#215;160 cm<\/p>\n<p>Colori: Blu con logo bianco<\/p>\n<p>Tipo di tessuto: 100% cotone; 18 lb\/dz (o 340 gsm )<\/p>\n<p>Informazioni per il cliente.<\/p>\n<p>Un telo mare 100% cotone con grammatura di18 lb\/dz (o 340 gr\/m\u00b2) \u00e8 un tessuto morbido, assorbente e resistente. Il cotone, essendo una fibra naturale, \u00e8 ecologico, biodegradabile e riciclabile. La grammatura indica il peso del tessuto per unit\u00e0 di superficie, e in questo caso, la grammatura relativamente alta indica un telo bagno pi\u00f9 pesante, spesso, e quindi pi\u00f9 assorbente e resistente.<\/p>\n<p>Caratteristiche del cotone:<\/p>\n<ul>\n<li><strong>Morbidezza:<\/strong>\u00a0Il cotone \u00e8 noto per la sua morbidezza e sensazione piacevole al tatto.<\/li>\n<li><strong>Assorbenza:<\/strong>\u00a0\u00c8 un&#8217;eccellente fibra assorbente, perfetta per asciugarsi dopo un bagno o una doccia.<\/li>\n<li><strong>Resistenza:<\/strong>\u00a0Il cotone \u00e8 un tessuto resistente e duraturo, quindi pu\u00f2 resistere a lavaggi ripetuti.<\/li>\n<li><strong>Traspirabilit\u00e0:<\/strong>\u00a0\u00c8 una fibra traspirante, che permette alla pelle di respirare.<\/li>\n<li><strong>Ecologico:<\/strong>\u00a0Il cotone \u00e8 una fibra naturale, quindi \u00e8 biodegradabile e riciclabile.<\/li>\n<\/ul>\n<p>Significato della grammatura (18 lb\/dz o 340 gr\/m\u00b2):<\/p>\n<ul>\n<li><strong>Peso del tessuto:<\/strong>\u00a0Indica il peso del tessuto per metro quadrato, in questo caso 340 grammi.<\/li>\n<li><strong>Densit\u00e0:<\/strong>\u00a0Una grammatura pi\u00f9 alta indica un tessuto pi\u00f9 denso e spesso.<\/li>\n<li><strong>Assorbenza:<\/strong>\u00a0I tessuti con grammatura pi\u00f9 alta tendono ad essere pi\u00f9 assorbenti.<\/li>\n<li><strong>Durezza:<\/strong>\u00a0I tessuti pi\u00f9 pesanti tendono ad essere pi\u00f9 duri e meno morbidi.<\/li>\n<li><strong>Durabilit\u00e0:<\/strong>\u00a0Una grammatura pi\u00f9 alta indica un tessuto pi\u00f9 resistente e duraturo.<\/li>\n<\/ul>\n<p>In sintesi: un telo mare 100% cotone con grammatura di 18 lb\/dz \u00e8 un&#8217;ottima scelta per chi cerca un telo bagno assorbente, resistente e morbido, grazie alla combinazione del cotone e della sua grammatura elevata.<\/p>\n<p>&nbsp;<\/p>\n","protected":false},"excerpt":{"rendered":"<p>Articolo: Telo Mare Taglie: Unica 90&#215;160 cm Colori: Blu con logo bianco Tipo di tessuto: 100% cotone; 18 lb\/dz (o 340 gsm ) Informazioni per il cliente. Un telo mare 100% cotone con grammatura di18 lb\/dz (o 340 gr\/m\u00b2) \u00e8 un tessuto morbido, assorbente e resistente. Il cotone, essendo una fibra naturale, \u00e8 ecologico, biodegradabile [&hellip;]<\/p>\n","protected":false},"featured_media":406,"comment_status":"open","ping_status":"closed","template":"","meta":{"om_disable_all_campaigns":false,"_monsterinsights_skip_tracking":false,"_monsterinsights_sitenote_active":false,"_monsterinsights_sitenote_note":"","_monsterinsights_sitenote_category":0,"postBodyCss":"","postBodyMargin":[],"postBodyPadding":[],"postBodyBackground":{"backgroundType":"classic","gradient":""}},"product_brand":[],"product_cat":[29],"product_tag":[],"class_list":{"0":"post-166","1":"product","2":"type-product","3":"status-publish","4":"has-post-thumbnail","6":"product_cat-accessori-mare","8":"first","9":"outofstock","10":"taxable","11":"shipping-taxable","12":"purchasable","13":"product-type-simple"},"aioseo_notices":[],"jetpack_sharing_enabled":true,"_links":{"self":[{"href":"https:\/\/savepitcairn.com\/en\/wp-json\/wp\/v2\/product\/166","targetHints":{"allow":["GET"]}}],"collection":[{"href":"https:\/\/savepitcairn.com\/en\/wp-json\/wp\/v2\/product"}],"about":[{"href":"https:\/\/savepitcairn.com\/en\/wp-json\/wp\/v2\/types\/product"}],"replies":[{"embeddable":true,"href":"https:\/\/savepitcairn.com\/en\/wp-json\/wp\/v2\/comments?post=166"}],"wp:featuredmedia":[{"embeddable":true,"href":"https:\/\/savepitcairn.com\/en\/wp-json\/wp\/v2\/media\/406"}],"wp:attachment":[{"href":"https:\/\/savepitcairn.com\/en\/wp-json\/wp\/v2\/media?parent=166"}],"wp:term":[{"taxonomy":"product_brand","embeddable":true,"href":"https:\/\/savepitcairn.com\/en\/wp-json\/wp\/v2\/product_brand?post=166"},{"taxonomy":"product_cat","embeddable":true,"href":"https:\/\/savepitcairn.com\/en\/wp-json\/wp\/v2\/product_cat?post=166"},{"taxonomy":"product_tag","embeddable":true,"href":"https:\/\/savepitcairn.com\/en\/wp-json\/wp\/v2\/product_tag?post=166"}],"curies":[{"name":"wp","href":"https:\/\/api.w.org\/{rel}","templated":true}]}}