{"id":185,"date":"2025-04-10T19:54:08","date_gmt":"2025-04-10T19:54:08","guid":{"rendered":"https:\/\/savepitcairn.com\/?post_type=product&#038;p=185"},"modified":"2026-03-16T14:56:34","modified_gmt":"2026-03-16T14:56:34","slug":"modello-ss25w001-navy-iconic","status":"publish","type":"product","link":"https:\/\/savepitcairn.com\/en\/prodotto\/modello-ss25w001-navy-iconic\/","title":{"rendered":"POLO COTONE NAVY ICONIC"},"content":{"rendered":"<p><strong>Modello SS25W001<\/strong> &#8211; <strong>Caratteristiche del prodotto<\/strong><\/p>\n<p><strong>Polo da uomo realizzata al 100% in cotone PK con un peso di\u00a0180 GSM.<\/strong><\/p>\n<p>&nbsp;<\/p>\n<p>Informazioni per il cliente.<\/p>\n<p>Un tessuto di cotone Pima 100% con grammatura di 180 gsm \u00e8 un tessuto di qualit\u00e0, composto interamente da fibre di cotone Pima, caratterizzato da una maggiore lunghezza rispetto al cotone convenzionale, che si traduce in una maggiore morbidezza e resistenza. La grammatura di 180 gsm indica che il tessuto ha un peso di 180 grammi per metro quadro, il che significa che \u00e8 un tessuto di peso medio, non troppo sottile e non troppo pesante.<\/p>\n<p><strong>Caratteristiche del cotone Pima:<\/strong><\/p>\n<p>Fibra extra lunga:\u00a0Le fibre di cotone Pima sono pi\u00f9 lunghe rispetto al cotone convenzionale, il che si traduce in una maggiore resistenza e morbidezza del tessuto.<\/p>\n<p>Lucentezza e morbidezza:\u00a0Il cotone Pima \u00e8 noto per la sua lucentezza naturale e la morbidezza al tatto, che lo rendono ideale per capi di abbigliamento e biancheria da letto di lusso.<\/p>\n<p>Resistenza:\u00a0Grazie alla sua lunghezza, il cotone Pima \u00e8 pi\u00f9 resistente all&#8217;usura e al pilling rispetto al cotone convenzionale.<\/p>\n<p>Assorbimento:\u00a0Il cotone Pima ha un&#8217;elevata capacit\u00e0 di assorbimento dell&#8217;umidit\u00e0.<\/p>\n<p><strong>Significato della grammatura (180 gsm):<\/strong><\/p>\n<p>Peso:\u00a0La grammatura di 180 gsm indica che il tessuto ha un peso di 180 grammi per metro quadro.<\/p>\n<p>Densit\u00e0:\u00a0La grammatura riflette anche la densit\u00e0 del tessuto, ovvero la quantit\u00e0 di fibre per unit\u00e0 di superficie.<\/p>\n<p>Bilanciamento:\u00a0Una grammatura di 180 gsm offre un buon equilibrio tra morbidezza e resistenza, rendendo il tessuto adatto a vari utilizzi, come abiti, lenzuola o asciugamani.<\/p>\n<p>In breve: Un tessuto di cotone Pima 100% con 180 gsm \u00e8 un tessuto di alta qualit\u00e0, composto da fibre extra lunghe che conferiscono al tessuto morbidezza, resistenza e lucentezza. La grammatura di 180 gsm indica un peso medio, che offre un buon equilibrio tra morbidezza e resistenza<\/p>\n","protected":false},"excerpt":{"rendered":"<p><b>Caratteristiche del prodotto<\/b><\/p>\n<p>Articolo: Polo da donna\u00a0 a maniche corte<\/p>\n<p>Tipo di tessuto: 100% cotone; gsm 180 \/ 190<\/p>\n","protected":false},"featured_media":200,"comment_status":"open","ping_status":"closed","template":"","meta":{"om_disable_all_campaigns":false,"_monsterinsights_skip_tracking":false,"_monsterinsights_sitenote_active":false,"_monsterinsights_sitenote_note":"","_monsterinsights_sitenote_category":0,"postBodyCss":"","postBodyMargin":[],"postBodyPadding":[],"postBodyBackground":{"backgroundType":"classic","gradient":""}},"product_brand":[],"product_cat":[28,27],"product_tag":[],"class_list":{"0":"post-185","1":"product","2":"type-product","3":"status-publish","4":"has-post-thumbnail","6":"product_cat-abbigliamento-donna","7":"product_cat-abbigliamento-uomo","8":"pa_colore-bianco","9":"pa_colore-blu","11":"first","12":"instock","13":"taxable","14":"shipping-taxable","15":"purchasable","16":"product-type-variable"},"aioseo_notices":[],"jetpack_sharing_enabled":true,"_links":{"self":[{"href":"https:\/\/savepitcairn.com\/en\/wp-json\/wp\/v2\/product\/185","targetHints":{"allow":["GET"]}}],"collection":[{"href":"https:\/\/savepitcairn.com\/en\/wp-json\/wp\/v2\/product"}],"about":[{"href":"https:\/\/savepitcairn.com\/en\/wp-json\/wp\/v2\/types\/product"}],"replies":[{"embeddable":true,"href":"https:\/\/savepitcairn.com\/en\/wp-json\/wp\/v2\/comments?post=185"}],"wp:featuredmedia":[{"embeddable":true,"href":"https:\/\/savepitcairn.com\/en\/wp-json\/wp\/v2\/media\/200"}],"wp:attachment":[{"href":"https:\/\/savepitcairn.com\/en\/wp-json\/wp\/v2\/media?parent=185"}],"wp:term":[{"taxonomy":"product_brand","embeddable":true,"href":"https:\/\/savepitcairn.com\/en\/wp-json\/wp\/v2\/product_brand?post=185"},{"taxonomy":"product_cat","embeddable":true,"href":"https:\/\/savepitcairn.com\/en\/wp-json\/wp\/v2\/product_cat?post=185"},{"taxonomy":"product_tag","embeddable":true,"href":"https:\/\/savepitcairn.com\/en\/wp-json\/wp\/v2\/product_tag?post=185"}],"curies":[{"name":"wp","href":"https:\/\/api.w.org\/{rel}","templated":true}]}}