{"id":383,"date":"2025-05-04T14:05:49","date_gmt":"2025-05-04T14:05:49","guid":{"rendered":"https:\/\/savepitcairn.com\/?post_type=product&#038;p=383"},"modified":"2026-03-16T14:50:40","modified_gmt":"2026-03-16T14:50:40","slug":"modello-fw25m001-navy-long-iconic","status":"publish","type":"product","link":"https:\/\/savepitcairn.com\/en\/prodotto\/modello-fw25m001-navy-long-iconic\/","title":{"rendered":"Modello FW25M001  Navy Long Iconic"},"content":{"rendered":"<p><strong>Modello FW25M001\u00a0&#8211;\u00a0Caratteristiche del prodotto<\/strong><\/p>\n<p><strong>Polo maniche lunghe realizzata al 100% in cotone PK con un peso di 220 GSM.<\/strong><\/p>\n<p>Informazioni per il cliente.<\/p>\n<p>Un tessuto di cotone Pima 100% a 220 gsm (grammi per metro quadro) ha caratteristiche di\u00a0morbidezza, resistenza, traspirabilit\u00e0 e durata superiori rispetto al cotone standard.\u00a0Il Pima, grazie alla lunghezza della fibra e alla lavorazione, risulta pi\u00f9 liscio e lucido.\u00a0Il peso di 220 gsm indica un tessuto medio-denso, che offre calore e resistenza senza essere troppo pesante.<\/p>\n<p>Caratteristiche e composizione:<\/p>\n<ul>\n<li><strong>Composizione:<\/strong>\u00a0100% cotone Pima, una fibra extra lunga di alta qualit\u00e0.<\/li>\n<li><strong>Peso:<\/strong>\u00a0220 gsm, indicativo di un tessuto di spessore medio.<\/li>\n<li><strong>Caratteristiche:<\/strong>\n<ul>\n<li><strong>Morbidezza:<\/strong>\u00a0Il cotone Pima \u00e8 noto per la sua morbidezza, resa pi\u00f9 spiccata dalla lavorazione a catenella che lo rende ancora pi\u00f9 liscio.<\/li>\n<li><strong>Resistenza:<\/strong>\u00a0Le fibre lunghe e la lavorazione conferiscono al tessuto una resistenza maggiore all&#8217;usura e al pilling rispetto al cotone standard.<\/li>\n<li><strong>Traspirabilit\u00e0:<\/strong>\u00a0Il cotone \u00e8 un materiale naturale che consente al corpo di respirare, mantenendo la freschezza in condizioni calde.<\/li>\n<li><strong>Lucentezza:<\/strong>\u00a0Il cotone Pima ha una naturale lucentezza.<\/li>\n<li><strong>Durata:<\/strong>\u00a0Le fibre lunghe e la maggiore resistenza al pilling rendono il tessuto Pima pi\u00f9 durevole nel tempo.<\/li>\n<\/ul>\n<\/li>\n<\/ul>\n<p><strong>Applicazioni:<\/strong>\u00a0Il tessuto Pima a 220 gsm \u00e8 ideale per la realizzazione di abbigliamento, biancheria da letto e tessuti per la casa, dove sono richieste morbidezza, resistenza e comfort<\/p>\n<p>&nbsp;<\/p>\n","protected":false},"excerpt":{"rendered":"<p><strong>Polo maniche lunghe realizzata al 100% in cotone PK con un peso di 220 GSM.<\/strong><\/p>\n<p>Polo con maniche lunghe con caratteristiche di morbidezza, resistenza, traspirabilit\u00e0 e durata superiori rispetto al cotone standard. Il Pima, grazie alla lunghezza della fibra e alla lavorazione, risulta pi\u00f9 liscio e lucido. Il peso di 220 gsm indica un tessuto medio-denso, che offre calore e resistenza senza essere troppo pesante.<\/p>\n","protected":false},"featured_media":1615,"comment_status":"open","ping_status":"closed","template":"","meta":{"om_disable_all_campaigns":false,"_monsterinsights_skip_tracking":false,"_monsterinsights_sitenote_active":false,"_monsterinsights_sitenote_note":"","_monsterinsights_sitenote_category":0,"postBodyCss":"","postBodyMargin":[],"postBodyPadding":[],"postBodyBackground":{"backgroundType":"classic","gradient":""}},"product_brand":[],"product_cat":[28,27],"product_tag":[],"class_list":{"0":"post-383","1":"product","2":"type-product","3":"status-publish","4":"has-post-thumbnail","6":"product_cat-abbigliamento-donna","7":"product_cat-abbigliamento-uomo","8":"pa_colore-bianco","9":"pa_colore-blu-navy","10":"pa_colore-prugna","12":"first","13":"onbackorder","14":"taxable","15":"shipping-taxable","16":"purchasable","17":"product-type-variable"},"aioseo_notices":[],"jetpack_sharing_enabled":true,"_links":{"self":[{"href":"https:\/\/savepitcairn.com\/en\/wp-json\/wp\/v2\/product\/383","targetHints":{"allow":["GET"]}}],"collection":[{"href":"https:\/\/savepitcairn.com\/en\/wp-json\/wp\/v2\/product"}],"about":[{"href":"https:\/\/savepitcairn.com\/en\/wp-json\/wp\/v2\/types\/product"}],"replies":[{"embeddable":true,"href":"https:\/\/savepitcairn.com\/en\/wp-json\/wp\/v2\/comments?post=383"}],"wp:featuredmedia":[{"embeddable":true,"href":"https:\/\/savepitcairn.com\/en\/wp-json\/wp\/v2\/media\/1615"}],"wp:attachment":[{"href":"https:\/\/savepitcairn.com\/en\/wp-json\/wp\/v2\/media?parent=383"}],"wp:term":[{"taxonomy":"product_brand","embeddable":true,"href":"https:\/\/savepitcairn.com\/en\/wp-json\/wp\/v2\/product_brand?post=383"},{"taxonomy":"product_cat","embeddable":true,"href":"https:\/\/savepitcairn.com\/en\/wp-json\/wp\/v2\/product_cat?post=383"},{"taxonomy":"product_tag","embeddable":true,"href":"https:\/\/savepitcairn.com\/en\/wp-json\/wp\/v2\/product_tag?post=383"}],"curies":[{"name":"wp","href":"https:\/\/api.w.org\/{rel}","templated":true}]}}