{"id":40,"date":"2025-04-06T08:14:42","date_gmt":"2025-04-06T08:14:42","guid":{"rendered":"https:\/\/savepitcairn.com\/prodotto\/cintura-portaoggetti-da-viaggio\/"},"modified":"2025-04-20T14:49:42","modified_gmt":"2025-04-20T14:49:42","slug":"marsupio-artigianale-in-vero-cuoio-capsule-di-fantini-pelletteria-per-save-pitcairn","status":"publish","type":"product","link":"https:\/\/savepitcairn.com\/en\/prodotto\/marsupio-artigianale-in-vero-cuoio-capsule-di-fantini-pelletteria-per-save-pitcairn\/","title":{"rendered":"Marsupio artigianale in vero cuoio Capsule di Fantini Pelletteria per Save Pitcairn,"},"content":{"rendered":"<p>Il marsupio in vero cuoio Made in Italy \u00e8 un accessorio molto amato dagli uomini, perch\u00e9 consente di portare con s\u00e9 tutti i piccoli oggetti di cui si ha bisogno nell\u2019arco della giornata, dal portafoglio, alle chiavi, al cellulare. Il marsupio miele in pelle \u201cDiscovery\u201d pu\u00f2 essere abbinato con qualsiasi capo d\u2019abbigliamento ed \u00e8 perfetto per tutte le occasioni. Il cuoio con cui viene confezionato questo accessorio \u00e8 molto resistente e flessibile, conciato al vegetale e tamponato a mano. Da questo si ottiene un prodotto versatile e durevole nel tempo. Esternamente questo marsupio \u00e8 composto da diverse tasche con chiusura a zip metallica e scritta <strong>Capsule di Fantini Pelletteria per Save Pitcairn<\/strong> impresso a fuoco. Tracolla regolabile e cuciture eseguite a mano ne rifiniscono il design classico ed elegante. Internamento l\u2019accessorio \u00e8 foderato in cotone di qualit\u00e0 e lo spazio \u00e8 perfetto per contenere tutti i tuoi piccoli oggetti. Scegli i nostri prodotti in cuoio e crea il tuo stile!<\/p>\n<h3><b>Scheda tecnica del prodotto:<\/b><\/h3>\n<div class=\"product--description\">\n<table class=\"product--properties-table\">\n<tbody>\n<tr class=\"product--properties-row\">\n<td class=\"product--properties-label is--bold\">Tipo di pelle:<\/td>\n<td class=\"product--properties-value\">Pelle pieno fiore conciata al vegetale tamponata a mano<\/td>\n<\/tr>\n<tr class=\"product--properties-row\">\n<td class=\"product--properties-label is--bold\">Materiale interno:<\/td>\n<td class=\"product--properties-value\">Cotone<\/td>\n<\/tr>\n<tr class=\"product--properties-row\">\n<td class=\"product--properties-label is--bold\">Dimensioni (Lunghezza x Larghezza x Altezza):<\/td>\n<td class=\"product--properties-value\">33 \u00d7 6 \u00d7 12 cm<\/td>\n<\/tr>\n<tr class=\"product--properties-row\">\n<td class=\"product--properties-label is--bold\">Chiusura:<\/td>\n<td class=\"product--properties-value\">Superiore con zip metallica<\/td>\n<\/tr>\n<tr class=\"product--properties-row\">\n<td class=\"product--properties-label is--bold\">Marchio esterno:<\/td>\n<td class=\"product--properties-value\">Stampa a fuoco<\/td>\n<\/tr>\n<tr class=\"product--properties-row\">\n<td class=\"product--properties-label is--bold\">Costruzione:<\/td>\n<td class=\"product--properties-value\">Semi-rigida<\/td>\n<\/tr>\n<tr class=\"product--properties-row\">\n<td class=\"product--properties-label is--bold\">Tasche esterne:<\/td>\n<td class=\"product--properties-value\">3 frontali e 1 sul retro con zip metalliche<\/td>\n<\/tr>\n<tr class=\"product--properties-row\">\n<td class=\"product--properties-label is--bold\">Scompartimenti interni:<\/td>\n<td class=\"product--properties-value\">1<\/td>\n<\/tr>\n<tr class=\"product--properties-row\">\n<td class=\"product--properties-label is--bold\">Tasca interna con zip:<\/td>\n<td class=\"product--properties-value\">1<\/td>\n<\/tr>\n<tr class=\"product--properties-row\">\n<td class=\"product--properties-label is--bold\">Tracolla:<\/td>\n<td class=\"product--properties-value\">In pelle, regolabile<\/td>\n<\/tr>\n<tr class=\"product--properties-row\">\n<td class=\"product--properties-label is--bold\">Panno protettivo:<\/td>\n<td class=\"product--properties-value\">Cotone con stampa Fantini<\/td>\n<\/tr>\n<tr class=\"product--properties-row\">\n<td class=\"product--properties-label is--bold\">Garanzia:<\/td>\n<td class=\"product--properties-value\">24 mesi<\/td>\n<\/tr>\n<tr class=\"product--properties-row\">\n<td class=\"product--properties-label is--bold\">Produzione:<\/td>\n<td class=\"product--properties-value\">Artigianale \u2013 Made in Italy<\/td>\n<\/tr>\n<\/tbody>\n<\/table>\n<\/div>\n","protected":false},"excerpt":{"rendered":"<p>Il marsupio in vero cuoio Made in Italy \u00e8 un accessorio molto amato dagli uomini, perch\u00e9 consente di portare con s\u00e9 tutti i piccoli oggetti di cui si ha bisogno nell\u2019arco della giornata, dal portafoglio, alle chiavi, al cellulare. Il marsupio miele in pelle \u201cDiscovery\u201d pu\u00f2 essere abbinato con qualsiasi capo d\u2019abbigliamento ed \u00e8 perfetto [&hellip;]<\/p>\n","protected":false},"featured_media":277,"comment_status":"open","ping_status":"closed","template":"","meta":{"om_disable_all_campaigns":false,"_monsterinsights_skip_tracking":false,"_monsterinsights_sitenote_active":false,"_monsterinsights_sitenote_note":"","_monsterinsights_sitenote_category":0,"postBodyCss":"","postBodyMargin":[],"postBodyPadding":[],"postBodyBackground":{"backgroundType":"classic","gradient":""}},"product_brand":[],"product_cat":[22],"product_tag":[],"class_list":{"0":"post-40","1":"product","2":"type-product","3":"status-publish","4":"has-post-thumbnail","6":"product_cat-borse-zaini-e-accessori-da-viaggio","8":"first","9":"instock","10":"taxable","11":"shipping-taxable","12":"purchasable","13":"product-type-simple"},"aioseo_notices":[],"jetpack_sharing_enabled":true,"_links":{"self":[{"href":"https:\/\/savepitcairn.com\/en\/wp-json\/wp\/v2\/product\/40","targetHints":{"allow":["GET"]}}],"collection":[{"href":"https:\/\/savepitcairn.com\/en\/wp-json\/wp\/v2\/product"}],"about":[{"href":"https:\/\/savepitcairn.com\/en\/wp-json\/wp\/v2\/types\/product"}],"replies":[{"embeddable":true,"href":"https:\/\/savepitcairn.com\/en\/wp-json\/wp\/v2\/comments?post=40"}],"wp:featuredmedia":[{"embeddable":true,"href":"https:\/\/savepitcairn.com\/en\/wp-json\/wp\/v2\/media\/277"}],"wp:attachment":[{"href":"https:\/\/savepitcairn.com\/en\/wp-json\/wp\/v2\/media?parent=40"}],"wp:term":[{"taxonomy":"product_brand","embeddable":true,"href":"https:\/\/savepitcairn.com\/en\/wp-json\/wp\/v2\/product_brand?post=40"},{"taxonomy":"product_cat","embeddable":true,"href":"https:\/\/savepitcairn.com\/en\/wp-json\/wp\/v2\/product_cat?post=40"},{"taxonomy":"product_tag","embeddable":true,"href":"https:\/\/savepitcairn.com\/en\/wp-json\/wp\/v2\/product_tag?post=40"}],"curies":[{"name":"wp","href":"https:\/\/api.w.org\/{rel}","templated":true}]}}