{"id":535,"date":"2025-05-08T21:18:17","date_gmt":"2025-05-08T21:18:17","guid":{"rendered":"https:\/\/savepitcairn.com\/?post_type=product&#038;p=535"},"modified":"2025-08-15T10:52:55","modified_gmt":"2025-08-15T10:52:55","slug":"giacca-sportiva-da-corsa-outdoor-2","status":"publish","type":"product","link":"https:\/\/savepitcairn.com\/en\/prodotto\/giacca-sportiva-da-corsa-outdoor-2\/","title":{"rendered":"Giacca sportiva da corsa Outdoor"},"content":{"rendered":"<p><strong>Modello SP25M001\u00a0&#8211;\u00a0Caratteristiche del prodotto<\/strong><\/p>\n<p><strong>Giacca sportiva da corsa Outdoor in microfibra realizzata al 100% poliestere con un peso di\u00a0 130 GSM.<\/strong><\/p>\n<p><strong>La giacca ha il nero come colore base per i vari modelli nella parte alta del prodotto e sulle maniche esterne. A variare \u00e8 il colore della parte bassa e delle maniche interne. Le variazioni previste sono: azzurro e giallo.<\/strong><\/p>\n<p>Informazioni per il cliente.<\/p>\n<p>Un tessuto in microfibra 100% poliestere con 130 gsm (grammi per metro quadro) \u00e8 un tessuto sintetico, sottile, resistente e versatile.\u00a0\u00c8 composto interamente da fili di poliestere molto fini, che lo rendono morbido al tatto e dotato di ottima capacit\u00e0 di assorbimento.\u00a0Il peso di 130 gsm indica una densit\u00e0 media, che conferisce al tessuto una buona resistenza e una resistenza alle grinze.<\/p>\n<p>Caratteristiche principali:<\/p>\n<ul>\n<li><strong>Composizione:<\/strong>\u00a0100% poliestere.<\/li>\n<li><strong>Peso:<\/strong>\u00a0130 gsm (grammi per metro quadro).<\/li>\n<li><strong>Morbidezza:<\/strong>\u00a0Sottile e piacevole al tatto.<\/li>\n<li><strong>Capacit\u00e0 di assorbimento:<\/strong> Assorbe liquidi e sporco facilmente.<\/li>\n<li><strong>Resistenza:<\/strong>\u00a0Resistente alle pieghe, all&#8217;usura e ai lavaggi.<\/li>\n<li><strong>Durabilit\u00e0:<\/strong>\u00a0Non si deforma o si sgualcisce facilmente.<\/li>\n<li><strong>Versatilit\u00e0:<\/strong>\u00a0Utilizzato per abbigliamento, pulizia, e altri scopi.<\/li>\n<\/ul>\n<p>Usi comuni:<\/p>\n<ul>\n<li>Abbigliamento sportivo: Assorbe il sudore e mantiene la pelle fresca.<\/li>\n<li>Panni per la pulizia: Rimuove efficacemente lo sporco e l&#8217;umidit\u00e0.<\/li>\n<li>Biancheria da letto e da bagno: Morbido e resistente.<\/li>\n<li>Sacchetti e contenitori: Ideale per la protezione di oggetti.<\/li>\n<\/ul>\n<p>&nbsp;<\/p>\n","protected":false},"excerpt":{"rendered":"<p><strong>Giacca sportiva da corsa Outdoor in microfibra realizzata al 100% poliestere con un peso di\u00a0 130 GSM.<\/strong><\/p>\n<p><strong>La giacca ha il nero come colore base per i vari modelli nella parte alta del prodotto e sulle maniche esterne. A variare \u00e8 il colore della parte bassa e delle maniche interne. Le variazioni previste sono: azzurro e giallo.<\/strong><\/p>\n<p>Il tessuto in microfibra 100% poliestere con 130 gsm \u00e8 un tessuto sintetico, sottile, resistente e versatile. \u00c8 composto interamente da fili di poliestere molto fini, che lo rendono morbido al tatto e dotato di ottima capacit\u00e0 di assorbimento. Il peso di 130 gsm indica una densit\u00e0 media, che conferisce al tessuto una buona resistenza e una resistenza alle grinze.<\/p>\n","protected":false},"featured_media":1592,"comment_status":"open","ping_status":"closed","template":"","meta":{"om_disable_all_campaigns":false,"_monsterinsights_skip_tracking":false,"_monsterinsights_sitenote_active":false,"_monsterinsights_sitenote_note":"","_monsterinsights_sitenote_category":0,"postBodyCss":"","postBodyMargin":[],"postBodyPadding":[],"postBodyBackground":{"backgroundType":"classic","gradient":""}},"product_brand":[],"product_cat":[41],"product_tag":[],"class_list":{"0":"post-535","1":"product","2":"type-product","3":"status-publish","4":"has-post-thumbnail","6":"product_cat-abbigliamento-sportivo","8":"first","9":"onbackorder","10":"taxable","11":"shipping-taxable","12":"purchasable","13":"product-type-variable"},"aioseo_notices":[],"jetpack_sharing_enabled":true,"_links":{"self":[{"href":"https:\/\/savepitcairn.com\/en\/wp-json\/wp\/v2\/product\/535","targetHints":{"allow":["GET"]}}],"collection":[{"href":"https:\/\/savepitcairn.com\/en\/wp-json\/wp\/v2\/product"}],"about":[{"href":"https:\/\/savepitcairn.com\/en\/wp-json\/wp\/v2\/types\/product"}],"replies":[{"embeddable":true,"href":"https:\/\/savepitcairn.com\/en\/wp-json\/wp\/v2\/comments?post=535"}],"wp:featuredmedia":[{"embeddable":true,"href":"https:\/\/savepitcairn.com\/en\/wp-json\/wp\/v2\/media\/1592"}],"wp:attachment":[{"href":"https:\/\/savepitcairn.com\/en\/wp-json\/wp\/v2\/media?parent=535"}],"wp:term":[{"taxonomy":"product_brand","embeddable":true,"href":"https:\/\/savepitcairn.com\/en\/wp-json\/wp\/v2\/product_brand?post=535"},{"taxonomy":"product_cat","embeddable":true,"href":"https:\/\/savepitcairn.com\/en\/wp-json\/wp\/v2\/product_cat?post=535"},{"taxonomy":"product_tag","embeddable":true,"href":"https:\/\/savepitcairn.com\/en\/wp-json\/wp\/v2\/product_tag?post=535"}],"curies":[{"name":"wp","href":"https:\/\/api.w.org\/{rel}","templated":true}]}}