{"id":676,"date":"2025-05-09T21:10:51","date_gmt":"2025-05-09T21:10:51","guid":{"rendered":"https:\/\/savepitcairn.com\/?post_type=product&#038;p=676"},"modified":"2026-03-16T14:37:12","modified_gmt":"2026-03-16T14:37:12","slug":"t-shirt-anchor-iconic","status":"publish","type":"product","link":"https:\/\/savepitcairn.com\/en\/prodotto\/t-shirt-anchor-iconic\/","title":{"rendered":"T-SHIRT ANCHOR ICONIC"},"content":{"rendered":"<p><strong>Modello SS26TS001<\/strong> &#8211; <strong>Caratteristiche del prodotto<\/strong><\/p>\n<p><strong>T-Shirt Cotone da Uomo\/Donna a maniche corte<\/strong><strong> realizzata al 100% in cotone S\/Jersey con un peso di\u00a0160 GSM.<\/strong><\/p>\n<p>Informazioni per il cliente.<\/p>\n<p>Un tessuto in jersey di cotone al 100% con 160 gsm (grammi per metro quadro) \u00e8 un tessuto leggero, morbido e traspirante, ideale per l&#8217;abbigliamento estivo e sportivo. \u00c8 realizzato con una lavorazione a maglia rasata che gli conferisce elasticit\u00e0 e modellabilit\u00e0. La grammatura di 160 gsm indica che il tessuto ha una densit\u00e0 moderata, offrendo un buon compromesso tra leggerezza e resistenza.<\/p>\n<p>Caratteristiche principali:<\/p>\n<p>Composizione: 100% cotone.<\/p>\n<p>Lavorazione: Maglia rasata (jersey).<\/p>\n<p>Grammatura: 160 gsm (grammi per metro quadro).<\/p>\n<p>Propriet\u00e0:<\/p>\n<p>Leggero.<\/p>\n<p>Morbido al tatto.<\/p>\n<p>Elasticizzato e modellabile.<\/p>\n<p>Traspirante.<\/p>\n<p>Assorbe bene l&#8217;umidit\u00e0.<\/p>\n<p>Facile da lavare e stirare.<\/p>\n<p>Utilizzi: Abbigliamento estivo (magliette, camicette, abiti), abbigliamento sportivo, intimo, leggins.<\/p>\n<p>In breve: Il tessuto jersey di cotone 100% con 160 gsm \u00e8 una scelta versatile e confortevole per la realizzazione di capi di abbigliamento, grazie alla sua leggerezza, morbidezza, elasticit\u00e0 e capacit\u00e0 di assorbire l&#8217;umidit\u00e0.<\/p>\n<p>&nbsp;<\/p>\n<p>Questa t-shirt \u00e8 un nostro prodotto Iconico ed \u00e8 perfetta per chi cerca un capo versatile e di alta qualit\u00e0 che garantisca freschezza anche nelle giornate pi\u00f9 calde. E&#8217; un capo ideale sia per un look casual che per un abbigliamento pi\u00f9 sportivo.<\/p>\n<p>La T-shirt \u00e8 impreziosita dalla presenza sul petto del logo aziendale con sotto la scritta \u201c The\u00a0 Myth of the Mutiny on the Bounty\u201d a ricordare che le Isole Pitcairn a cui si ispira l\u2019azienda sono lo &#8220;scoglio&#8221; remoto e quasi irraggiungibile nel Pacifico, noto per i suoi paesaggi mozzafiato e soprattutto per essere l\u2019isola dove, dopo varie peripezie, si sono rifugiati i partecipanti all\u2019<strong>ammutinamento pi\u00f9 famoso della storia che \u00e8 senza ombra di dubbio quello del Bounty<\/strong>, grazie all\u2019alone di mistero aleggiato per anni sul destino dei suoi partecipanti.<\/p>\n","protected":false},"excerpt":{"rendered":"<p>Caratteristiche del prodotto: T-shirt da donna a maniche corte<br \/>\nTipo di tessuto: 100% cotone; gsm 180 \/ 190<\/p>\n","protected":false},"featured_media":192,"comment_status":"open","ping_status":"closed","template":"","meta":{"om_disable_all_campaigns":false,"_monsterinsights_skip_tracking":false,"_monsterinsights_sitenote_active":false,"_monsterinsights_sitenote_note":"","_monsterinsights_sitenote_category":0,"postBodyCss":"","postBodyMargin":[],"postBodyPadding":[],"postBodyBackground":{"backgroundType":"classic","gradient":""}},"product_brand":[],"product_cat":[28,27],"product_tag":[],"class_list":{"0":"post-676","1":"product","2":"type-product","3":"status-publish","4":"has-post-thumbnail","6":"product_cat-abbigliamento-donna","7":"product_cat-abbigliamento-uomo","8":"pa_colore-bianco","9":"pa_colore-blu","11":"first","12":"instock","13":"taxable","14":"shipping-taxable","15":"purchasable","16":"product-type-variable"},"aioseo_notices":[],"jetpack_sharing_enabled":true,"_links":{"self":[{"href":"https:\/\/savepitcairn.com\/en\/wp-json\/wp\/v2\/product\/676","targetHints":{"allow":["GET"]}}],"collection":[{"href":"https:\/\/savepitcairn.com\/en\/wp-json\/wp\/v2\/product"}],"about":[{"href":"https:\/\/savepitcairn.com\/en\/wp-json\/wp\/v2\/types\/product"}],"replies":[{"embeddable":true,"href":"https:\/\/savepitcairn.com\/en\/wp-json\/wp\/v2\/comments?post=676"}],"wp:featuredmedia":[{"embeddable":true,"href":"https:\/\/savepitcairn.com\/en\/wp-json\/wp\/v2\/media\/192"}],"wp:attachment":[{"href":"https:\/\/savepitcairn.com\/en\/wp-json\/wp\/v2\/media?parent=676"}],"wp:term":[{"taxonomy":"product_brand","embeddable":true,"href":"https:\/\/savepitcairn.com\/en\/wp-json\/wp\/v2\/product_brand?post=676"},{"taxonomy":"product_cat","embeddable":true,"href":"https:\/\/savepitcairn.com\/en\/wp-json\/wp\/v2\/product_cat?post=676"},{"taxonomy":"product_tag","embeddable":true,"href":"https:\/\/savepitcairn.com\/en\/wp-json\/wp\/v2\/product_tag?post=676"}],"curies":[{"name":"wp","href":"https:\/\/api.w.org\/{rel}","templated":true}]}}