{"id":725,"date":"2025-05-10T11:50:00","date_gmt":"2025-05-10T11:50:00","guid":{"rendered":"https:\/\/savepitcairn.com\/?post_type=product&#038;p=725"},"modified":"2025-08-14T21:13:06","modified_gmt":"2025-08-14T21:13:06","slug":"felpa","status":"publish","type":"product","link":"https:\/\/savepitcairn.com\/en\/prodotto\/felpa\/","title":{"rendered":"FELPA"},"content":{"rendered":"<p><strong>Modello FW25M020 &#8211; Caratteristiche del prodotto<\/strong><\/p>\n<p>Felpa Classica da Uomo in pile realizzata al 65% in poliestere e 35% in cotone con un peso di 280 GSM.<\/p>\n<p>Informazioni per il cliente.<\/p>\n<p>Un tessuto pile con composizione 65% poliestere e 35% cotone, con un peso di 280 gsm, \u00e8 un\u00a0materiale caldo e resistente, ideale per abbigliamento esterno o interno.\u00a0Il poliestere conferisce resistenza allo strappo e al calore, mentre il cotone fornisce una sensazione di morbidezza e traspirabilit\u00e0.<\/p>\n<p>Caratteristiche del tessuto:<\/p>\n<ul>\n<li><strong>Calore:<\/strong><\/li>\n<\/ul>\n<p>Il pile \u00e8 noto per le sue propriet\u00e0 isolanti, trattenendo il calore corporeo grazie alla sua struttura a maglia che intrappola l&#8217;aria.<\/p>\n<ul>\n<li><strong>Resistenza:<\/strong><\/li>\n<\/ul>\n<p>La miscela di poliestere lo rende resistente allo strappo e all&#8217;abrasione, rendendolo adatto a un uso intensivo.<\/p>\n<ul>\n<li><strong>Morbidezza:<\/strong><\/li>\n<\/ul>\n<p>La presenza di cotone dona al tessuto una sensazione di morbidezza e comfort a contatto con la pelle.<\/p>\n<ul>\n<li><strong>Traspirabilit\u00e0:<\/strong><\/li>\n<\/ul>\n<p>Il cotone contribuisce a una maggiore traspirabilit\u00e0, permettendo al tessuto di rilasciare l&#8217;umidit\u00e0 corporea, mantenendo il corpo asciutto.<\/p>\n<ul>\n<li><strong>Lavabilit\u00e0:<\/strong><\/li>\n<\/ul>\n<p>Il pile \u00e8 generalmente facile da lavare e non richiede stiratura.<\/p>\n<ul>\n<li><strong>Durabilit\u00e0:<\/strong><\/li>\n<\/ul>\n<p>Il poliestere conferisce al tessuto una buona durata nel tempo, resistente a molte lavaggi e all&#8217;uso.<\/p>\n<ul>\n<li><strong>Peso:<\/strong><\/li>\n<\/ul>\n<p>Con 280 gsm, questo tessuto ha un peso medio, bilanciando la sua resistenza con la sua leggerezza.<\/p>\n<ul>\n<li><strong>Impieghi:<\/strong><\/li>\n<\/ul>\n<p>Questo tipo di pile \u00e8 adatto a diversi scopi, come giacche da lavoro, felpe, cappelli e altri capi di abbigliamento sportivo e casual.<\/p>\n<p>Perch\u00e9 questa composizione?<\/p>\n<p>La combinazione di poliestere e cotone offre un buon equilibrio tra resistenza, calore, morbidezza e traspirabilit\u00e0, rendendola una scelta versatile per molti utilizzi.\u00a0Il poliestere contribuisce alla resistenza e alla capacit\u00e0 di trattenere il calore, mentre il cotone aggiunge morbidezza e traspirabilit\u00e0<\/p>\n<p>&nbsp;<\/p>\n<p>&nbsp;<\/p>\n","protected":false},"excerpt":{"rendered":"<p>Felpa Classica in pile realizzata al 65% in poliestere e 35% in cotone con un peso di 280 GSM.<\/p>\n<p>Felpa con un buon equilibrio tra resistenza, calore, morbidezza e traspirabilit\u00e0 che la rende una scelta versatile per molti utilizzi. Il poliestere contribuisce alla resistenza e alla capacit\u00e0 di trattenere il calore, mentre il cotone aggiunge morbidezza e traspirabilit\u00e0<\/p>\n<p>&nbsp;<\/p>\n","protected":false},"featured_media":1553,"comment_status":"open","ping_status":"closed","template":"","meta":{"om_disable_all_campaigns":false,"_monsterinsights_skip_tracking":false,"_monsterinsights_sitenote_active":false,"_monsterinsights_sitenote_note":"","_monsterinsights_sitenote_category":0,"postBodyCss":"","postBodyMargin":[],"postBodyPadding":[],"postBodyBackground":{"backgroundType":"classic","gradient":""}},"product_brand":[],"product_cat":[28,27],"product_tag":[],"class_list":{"0":"post-725","1":"product","2":"type-product","3":"status-publish","4":"has-post-thumbnail","6":"product_cat-abbigliamento-donna","7":"product_cat-abbigliamento-uomo","8":"pa_colore-blu-traffico-ral-5017","9":"pa_colore-giallo-oro","10":"pa_colore-rosso","12":"first","13":"onbackorder","14":"taxable","15":"shipping-taxable","16":"purchasable","17":"product-type-variable"},"aioseo_notices":[],"jetpack_sharing_enabled":true,"_links":{"self":[{"href":"https:\/\/savepitcairn.com\/en\/wp-json\/wp\/v2\/product\/725","targetHints":{"allow":["GET"]}}],"collection":[{"href":"https:\/\/savepitcairn.com\/en\/wp-json\/wp\/v2\/product"}],"about":[{"href":"https:\/\/savepitcairn.com\/en\/wp-json\/wp\/v2\/types\/product"}],"replies":[{"embeddable":true,"href":"https:\/\/savepitcairn.com\/en\/wp-json\/wp\/v2\/comments?post=725"}],"wp:featuredmedia":[{"embeddable":true,"href":"https:\/\/savepitcairn.com\/en\/wp-json\/wp\/v2\/media\/1553"}],"wp:attachment":[{"href":"https:\/\/savepitcairn.com\/en\/wp-json\/wp\/v2\/media?parent=725"}],"wp:term":[{"taxonomy":"product_brand","embeddable":true,"href":"https:\/\/savepitcairn.com\/en\/wp-json\/wp\/v2\/product_brand?post=725"},{"taxonomy":"product_cat","embeddable":true,"href":"https:\/\/savepitcairn.com\/en\/wp-json\/wp\/v2\/product_cat?post=725"},{"taxonomy":"product_tag","embeddable":true,"href":"https:\/\/savepitcairn.com\/en\/wp-json\/wp\/v2\/product_tag?post=725"}],"curies":[{"name":"wp","href":"https:\/\/api.w.org\/{rel}","templated":true}]}}