{"id":827,"date":"2025-05-11T07:30:28","date_gmt":"2025-05-11T07:30:28","guid":{"rendered":"https:\/\/savepitcairn.com\/?post_type=product&#038;p=827"},"modified":"2025-10-27T14:59:25","modified_gmt":"2025-10-27T14:59:25","slug":"pullover-in-pile-polar-fleece","status":"publish","type":"product","link":"https:\/\/savepitcairn.com\/en\/prodotto\/pullover-in-pile-polar-fleece\/","title":{"rendered":"PULLOVER IN PILE POLAR FLEECE"},"content":{"rendered":"<p><strong>Modello SP25M001\u00a0&#8211;\u00a0Caratteristiche del prodotto<\/strong><\/p>\n<p><strong>Pullover in Pile polar Fleece realizzato al 100% in poliestere con un peso di \u00a0300 GSM.<\/strong><\/p>\n<p>Informazioni per il cliente.<\/p>\n<p>Un tessuto pile Polar Fleece 100% poliestere con 300 gsm (grammi per metro quadro) \u00e8 un tessuto sintetico, in genere lavorato a maglia, con spessore pi\u00f9 consistente, che offre un buon isolamento termico e traspirabilit\u00e0.<\/p>\n<p>Ecco alcuni dettagli:<\/p>\n<ul>\n<li><strong>Composizione:<\/strong><\/li>\n<\/ul>\n<p>Il tessuto \u00e8 composto al 100% da poliestere, un materiale sint\u00e9tico resistente e non assorbente.<\/p>\n<ul>\n<li><strong>Peso (300 gsm):<\/strong><\/li>\n<\/ul>\n<p>Questo indica il peso del tessuto per metro quadro, con 300 gsm che lo rende pi\u00f9 pesante e quindi potenzialmente pi\u00f9 caldo rispetto a un pile pi\u00f9 leggero.<\/p>\n<ul>\n<li><strong>Caratteristiche:<\/strong><\/li>\n<\/ul>\n<ul>\n<li style=\"list-style-type: none;\">\n<ul>\n<li><strong>Isolamento termico:<\/strong>\u00a0Il pile, grazie alla sua struttura a maglia e allo spessore, trattiene l&#8217;aria e offre un buon isolamento termico, tenendo al caldo.<\/li>\n<\/ul>\n<\/li>\n<\/ul>\n<ul>\n<li style=\"list-style-type: none;\">\n<ul>\n<li><strong>Traspirabilit\u00e0:<\/strong>\u00a0La struttura aperta del tessuto permette al vapore acqueo di fuoriuscire, mantenendo il corpo asciutto.<\/li>\n<\/ul>\n<\/li>\n<\/ul>\n<ul>\n<li style=\"list-style-type: none;\">\n<ul>\n<li><strong>Asciugatura rapida:<\/strong>\u00a0Il poliestere non assorbe l&#8217;umidit\u00e0, quindi il tessuto si asciuga rapidamente.<\/li>\n<\/ul>\n<\/li>\n<\/ul>\n<ul>\n<li style=\"list-style-type: none;\">\n<ul>\n<li><strong>Morbidezza:<\/strong>\u00a0I tessuti pile sono generalmente morbidi al tatto.<\/li>\n<\/ul>\n<\/li>\n<\/ul>\n<ul>\n<li style=\"list-style-type: none;\">\n<ul>\n<li><strong>Resistente:<\/strong>\u00a0Il poliestere \u00e8 un materiale resistente e non si restringe, non si stira e non si bagna facilmente.<\/li>\n<\/ul>\n<\/li>\n<\/ul>\n<ul>\n<li><strong>Usi:<\/strong><\/li>\n<\/ul>\n<p>Ideale per indumenti da montagna, per attivit\u00e0 sportive e per abbigliamento tecnico, soprattutto come strato termico intermedio.<\/p>\n<p>In breve, un pile 300 gsm \u00e8 una scelta eccellente per chi cerca un tessuto caldo, comodo, resistente e che si asciuga rapidamente, adatto a diverse attivit\u00e0 sportive e all&#8217;abbigliamento da montagna.<\/p>\n","protected":false},"excerpt":{"rendered":"<p><strong>Pullover in Pile polar Fleece realizzato al 100% in poliestere con un peso di \u00a0300 GSM.<\/strong><\/p>\n<p>Un pile 300 gsm \u00e8 una scelta eccellente per chi cerca un tessuto caldo, comodo, resistente e che si asciuga rapidamente, adatto a diverse attivit\u00e0 sportive e all&#8217;abbigliamento da montagna.<\/p>\n","protected":false},"featured_media":1593,"comment_status":"open","ping_status":"closed","template":"","meta":{"om_disable_all_campaigns":false,"_monsterinsights_skip_tracking":false,"_monsterinsights_sitenote_active":false,"_monsterinsights_sitenote_note":"","_monsterinsights_sitenote_category":0,"postBodyCss":"","postBodyMargin":[],"postBodyPadding":[],"postBodyBackground":{"backgroundType":"classic","gradient":""}},"product_brand":[],"product_cat":[28,27],"product_tag":[],"class_list":{"0":"post-827","1":"product","2":"type-product","3":"status-publish","4":"has-post-thumbnail","6":"product_cat-abbigliamento-donna","7":"product_cat-abbigliamento-uomo","8":"pa_colore-grigio-ardesia","9":"pa_colore-grigio-verdastro","10":"pa_colore-nero","12":"first","13":"onbackorder","14":"taxable","15":"shipping-taxable","16":"purchasable","17":"product-type-variable"},"aioseo_notices":[],"jetpack_sharing_enabled":true,"_links":{"self":[{"href":"https:\/\/savepitcairn.com\/en\/wp-json\/wp\/v2\/product\/827","targetHints":{"allow":["GET"]}}],"collection":[{"href":"https:\/\/savepitcairn.com\/en\/wp-json\/wp\/v2\/product"}],"about":[{"href":"https:\/\/savepitcairn.com\/en\/wp-json\/wp\/v2\/types\/product"}],"replies":[{"embeddable":true,"href":"https:\/\/savepitcairn.com\/en\/wp-json\/wp\/v2\/comments?post=827"}],"wp:featuredmedia":[{"embeddable":true,"href":"https:\/\/savepitcairn.com\/en\/wp-json\/wp\/v2\/media\/1593"}],"wp:attachment":[{"href":"https:\/\/savepitcairn.com\/en\/wp-json\/wp\/v2\/media?parent=827"}],"wp:term":[{"taxonomy":"product_brand","embeddable":true,"href":"https:\/\/savepitcairn.com\/en\/wp-json\/wp\/v2\/product_brand?post=827"},{"taxonomy":"product_cat","embeddable":true,"href":"https:\/\/savepitcairn.com\/en\/wp-json\/wp\/v2\/product_cat?post=827"},{"taxonomy":"product_tag","embeddable":true,"href":"https:\/\/savepitcairn.com\/en\/wp-json\/wp\/v2\/product_tag?post=827"}],"curies":[{"name":"wp","href":"https:\/\/api.w.org\/{rel}","templated":true}]}}